{"id":121,"date":"2026-01-27T19:12:50","date_gmt":"2026-01-27T16:12:50","guid":{"rendered":"https:\/\/www.anglarnasservice.se\/?page_id=121"},"modified":"2026-02-25T17:38:24","modified_gmt":"2026-02-25T14:38:24","slug":"hemstadning","status":"publish","type":"page","link":"https:\/\/www.anglarnasservice.se\/?page_id=121","title":{"rendered":"Hemst\u00e4dning"},"content":{"rendered":"\n<div class=\"wp-block-columns is-layout-flex wp-container-core-columns-is-layout-28f84493 wp-block-columns-is-layout-flex\">\n<div class=\"wp-block-column is-layout-flow wp-block-column-is-layout-flow\" style=\"flex-basis:70%\">\n<p class=\"has-medium-font-size\">St\u00e4dprenumeration. Att komma hem till ett nyst\u00e4dat hem som doftar rent och fr\u00e4scht \u00e4r en underbar vardagslyx som allt fler v\u00e4ljer att unna sig. Hinner du inte med att st\u00e4da? V\u00e4nd dig till \u00c4nglarnas Service. Med stolthet g\u00f6r vi livet lite enklare och smidigare f\u00f6r folk. Vi erbjuder dig en m\u00f6jlighet att spara mycket tid genom att slippa st\u00e4dningen hemma. <br>Pris<br><br>Priset f\u00f6r hemst\u00e4dning \u00e4r 230 kr\/tim inkl. moms. med rotavdraget.<br><br>Offert<br><br>Efter att vi genomf\u00f6rt en startst\u00e4dning eller en f\u00f6rsta st\u00e4dning hemma hos dig, f\u00e5r du ett avtal via e-post inkl. en tidsuppfattning av hur m\u00e5nga timmar vi tror det tar att utf\u00f6ra st\u00e4dning hemma hos dig. Bra att veta\u2026Minimum tid per st\u00e4dtillf\u00e4lle \u00e4r 2 timmar.<br><br>Tidsber\u00e4kning<br><br>Bra att veta \u2013 antalet timmar kan t.ex. komma att variera mellan tv\u00e5 lika stora hush\u00e5ll beroende p\u00e5 om det finns barn eller husdjur, hur mycket saker som st\u00e5r framme, antalet toaletter och badrum.<br><br>Allt beror p\u00e5 dina \u00f6nskem\u00e5l. Vill du ha v\u00e4lst\u00e4dat hem\/l\u00e4genhet naturligtvis tar det lite mer tid.<br><br>Efter provst\u00e4dning vet vi exakt tid f\u00f6r en hemst\u00e4dning, t.ex.:<br><br>20 \u2013 50 kvm                                  ca 2 tim varannan vecka<br>50 \u2013 90 kvm                                  ca 3 tim varannan vecka<br>90 \u2013 140 kvm                               ca 4 tim varannan vecka<br>140-190 kvm                                 ca 5 tim varannan vecka<br><br>S\u00e5 fungerar det<br><br>N\u00e4r du har best\u00e4llt hemservice av oss kommer du att f\u00f6rsta g\u00e5ngen f\u00e5 tr\u00e4ffa en ansvarig arbetsledare.<br><br>Tillsammans med dig och utsedd st\u00e4dpersonal, ser vi \u00f6ver st\u00e4dytorna i din bostad.<br><br>Vi pratar igenom hur ofta du vill ha st\u00e4dat och om du vill k\u00f6pa kringtj\u00e4nster som t.ex. strykning, diskning och f\u00f6nsterputs. Och f\u00f6r att uppn\u00e5 b\u00e4sta st\u00e4dkvalitet, inleder vi alltid st\u00e4duppdraget med en storst\u00e4dning.<br><br>Offert<br><br>N\u00e4r startst\u00e4dningen eller den f\u00f6rsta st\u00e4dningen \u00e4r genomf\u00f6rd skickar vi dig en offert d\u00e4r det framg\u00e5r hur m\u00e5nga timmar som kommer beh\u00f6vas vid varje st\u00e4dtillf\u00e4lle. D\u00e4refter kan du sj\u00e4lv v\u00e4lja att teckna en st\u00e4dprenumeration eller avst\u00e5. Naturligtvis kan du \u00e4ven v\u00e4lja att i forts\u00e4ttningen anlita oss f\u00f6r st\u00e4dning vid enstaka tillf\u00e4llen.<br><br>Bra att veta\u2026 Alla st\u00e4dningar vid enstaka tillf\u00e4lle debiteras l\u00f6pande per timme och person.<br><\/p>\n<\/div>\n\n\n\n<div class=\"wp-block-column is-layout-flow wp-block-column-is-layout-flow\" style=\"flex-basis:30%\">\n<figure class=\"wp-block-image size-full has-custom-border\" style=\"margin-top:0;margin-right:0;margin-bottom:0;margin-left:0\"><img loading=\"lazy\" decoding=\"async\" width=\"314\" height=\"334\" src=\"https:\/\/www.anglarnasservice.se\/wp-content\/uploads\/2026\/01\/Where-can-I-book-the-finest-Airbnb-cleaning-1.jpg\" alt=\"\" class=\"wp-image-210\" style=\"border-top-left-radius:7px;border-top-right-radius:7px;border-bottom-left-radius:7px;border-bottom-right-radius:7px;aspect-ratio:3\/4;object-fit:cover\" srcset=\"https:\/\/www.anglarnasservice.se\/wp-content\/uploads\/2026\/01\/Where-can-I-book-the-finest-Airbnb-cleaning-1.jpg 314w, https:\/\/www.anglarnasservice.se\/wp-content\/uploads\/2026\/01\/Where-can-I-book-the-finest-Airbnb-cleaning-1-282x300.jpg 282w\" sizes=\"auto, (max-width: 314px) 100vw, 314px\" \/><\/figure>\n<\/div>\n<\/div>\n\n\n\n<div class=\"wp-block-columns is-layout-flex wp-container-core-columns-is-layout-28f84493 wp-block-columns-is-layout-flex\">\n<div class=\"wp-block-column is-layout-flow wp-block-column-is-layout-flow\">\n<div class=\"forminator-guttenberg\"><div class=\"forminator-ui forminator-custom-form forminator-custom-form-111 forminator-design--default  forminator_ajax\" data-forminator-render=\"0\" data-form=\"forminator-module-111\" data-uid=\"69e37200da01c\"><br\/><\/div><form\n\t\t\t\tid=\"forminator-module-111\"\n\t\t\t\tclass=\"forminator-ui forminator-custom-form forminator-custom-form-111 forminator-design--default  forminator_ajax\"\n\t\t\t\tmethod=\"post\"\n\t\t\t\tdata-forminator-render=\"0\"\n\t\t\t\tdata-form-id=\"111\"\n\t\t\t\t data-color-option=\"theme\" data-design=\"default\" data-grid=\"open\" style=\"display: none;\"\n\t\t\t\tdata-uid=\"69e37200da01c\"\n\t\t\t><div role=\"alert\" aria-live=\"polite\" class=\"forminator-response-message forminator-error\" aria-hidden=\"true\"><\/div><div class=\"forminator-row\"><div id=\"name-1\" class=\"forminator-field-name forminator-col forminator-col-12 \"><div class=\"forminator-field\"><label for=\"forminator-field-name-1_69e37200da01c\" id=\"forminator-field-name-1_69e37200da01c-label\" class=\"forminator-label\">Namn <span class=\"forminator-required\">*<\/span><\/label><input type=\"text\" name=\"name-1\" value=\"\" placeholder=\"\" id=\"forminator-field-name-1_69e37200da01c\" class=\"forminator-input forminator-name--field\" aria-required=\"true\" autocomplete=\"name\" \/><\/div><\/div><\/div><div class=\"forminator-row\"><div id=\"address-1\" class=\"forminator-field-address forminator-col forminator-col-12 \"><div class=\"forminator-row\"><div id=\"address-1-street_address\" class=\"forminator-col\"><div class=\"forminator-field\"><label for=\"forminator-field-address-1-street_address_69e37200da01c\" id=\"forminator-field-address-1-street_address_69e37200da01c-label\" class=\"forminator-label\">Adress<\/label><input type=\"text\" name=\"address-1-street_address\" placeholder=\"\" id=\"forminator-field-address-1-street_address_69e37200da01c\" class=\"forminator-input\" data-required=\"\" aria-required=\"false\" autocomplete=\"address-line1\" value=\"\" \/><\/div><\/div><\/div><div class=\"forminator-row\" data-multiple=\"false\"><div id=\"address-1-city\" class=\"forminator-col forminator-col-12\"><div class=\"forminator-field\"><label for=\"forminator-field-address-1-city_69e37200da01c\" id=\"forminator-field-address-1-city_69e37200da01c-label\" class=\"forminator-label\">Stad<\/label><input type=\"text\" name=\"address-1-city\" placeholder=\"\" id=\"forminator-field-address-1-city_69e37200da01c\" class=\"forminator-input\" data-required=\"\" aria-required=\"false\" autocomplete=\"address-level2\" value=\"\" \/><\/div><\/div><\/div><div class=\"forminator-row\" data-multiple=\"false\"><div id=\"address-1-zip\" class=\"forminator-col forminator-col-12\"><div class=\"forminator-field\"><label for=\"forminator-field-address-1-zip_69e37200da01c\" id=\"forminator-field-address-1-zip_69e37200da01c-label\" class=\"forminator-label\">Postnummer<\/label><input type=\"text\" name=\"address-1-zip\" placeholder=\"\" id=\"forminator-field-address-1-zip_69e37200da01c\" class=\"forminator-input\" autocomplete=\"postal-code\" value=\"\" \/><\/div><\/div><\/div><\/div><\/div><div class=\"forminator-row\"><div id=\"email-1\" class=\"forminator-field-email forminator-col forminator-col-12 \"><div class=\"forminator-field\"><label for=\"forminator-field-email-1_69e37200da01c\" id=\"forminator-field-email-1_69e37200da01c-label\" class=\"forminator-label\">E-postadress <span class=\"forminator-required\">*<\/span><\/label><input type=\"email\" name=\"email-1\" value=\"\" placeholder=\"\" id=\"forminator-field-email-1_69e37200da01c\" class=\"forminator-input forminator-email--field\" data-required=\"true\" aria-required=\"true\" autocomplete=\"email\" \/><\/div><\/div><\/div><div class=\"forminator-row\"><div id=\"phone-1\" class=\"forminator-field-phone forminator-col forminator-col-12 \"><div class=\"forminator-field\"><label for=\"forminator-field-phone-1_69e37200da01c\" id=\"forminator-field-phone-1_69e37200da01c-label\" class=\"forminator-label\">Telefonnummer <span class=\"forminator-required\">*<\/span><\/label><input type=\"text\" name=\"phone-1\" value=\"\" placeholder=\"\" id=\"forminator-field-phone-1_69e37200da01c\" class=\"forminator-input forminator-field--phone\" data-required=\"1\" aria-required=\"true\" autocomplete=\"off\" \/><\/div><\/div><\/div><div class=\"forminator-row\"><div id=\"textarea-1\" class=\"forminator-field-textarea forminator-col forminator-col-12 \"><div class=\"forminator-field\"><label for=\"forminator-field-textarea-1_69e37200da01c\" id=\"forminator-field-textarea-1_69e37200da01c-label\" class=\"forminator-label\">Meddelande <span class=\"forminator-required\">*<\/span><\/label><span id=\"forminator-field-textarea-1_69e37200da01c-description\" class=\"forminator-description\"><span data-limit=\"257\" data-type=\"characters\" data-editor=\"\">0 \/ 257<\/span><\/span><textarea name=\"textarea-1\" placeholder=\"\" id=\"forminator-field-textarea-1_69e37200da01c\" class=\"forminator-textarea\" rows=\"6\" style=\"min-height:140px;\" maxlength=\"257\" ><\/textarea><\/div><\/div><\/div><input type=\"hidden\" name=\"referer_url\" value=\"\" \/><div class=\"forminator-row forminator-row-last\"><div class=\"forminator-col\"><div class=\"forminator-field\"><button class=\"forminator-button forminator-button-submit\">Skicka<\/button><\/div><\/div><\/div><input type=\"hidden\" id=\"forminator_nonce\" name=\"forminator_nonce\" value=\"05afb75a56\" \/><input type=\"hidden\" name=\"_wp_http_referer\" value=\"\/index.php?rest_route=%2Fwp%2Fv2%2Fpages%2F121\" \/><input type=\"hidden\" name=\"form_id\" value=\"111\"><input type=\"hidden\" name=\"page_id\" value=\"121\"><input type=\"hidden\" name=\"form_type\" value=\"default\"><input type=\"hidden\" name=\"current_url\" value=\"https:\/\/www.anglarnasservice.se\/?page_id=121\"><input type=\"hidden\" name=\"render_id\" value=\"0\"><input type=\"hidden\" name=\"action\" value=\"forminator_submit_form_custom-forms\"><\/form><\/div>\n<\/div>\n\n\n\n<div class=\"wp-block-column is-layout-flow wp-block-column-is-layout-flow\"><\/div>\n<\/div>\n","protected":false},"excerpt":{"rendered":"<p>St\u00e4dprenumeration. Att komma hem till ett nyst\u00e4dat hem som doftar rent och fr\u00e4scht \u00e4r en underbar vardagslyx som allt fler v\u00e4ljer att unna sig. Hinner du inte med att st\u00e4da? V\u00e4nd dig till \u00c4nglarnas Service. Med stolthet g\u00f6r vi livet lite enklare och smidigare f\u00f6r folk. Vi erbjuder dig en m\u00f6jlighet att spara mycket tid &hellip; <\/p>\n<p class=\"link-more\"><a href=\"https:\/\/www.anglarnasservice.se\/?page_id=121\" class=\"more-link\"><span class=\"screen-reader-text\"> &#8220;Hemst\u00e4dning&#8221;<\/span>devam\u0131n\u0131 oku<\/a><\/p>\n","protected":false},"author":1,"featured_media":0,"parent":0,"menu_order":0,"comment_status":"closed","ping_status":"closed","template":"","meta":{"inspiro_hide_title":false,"footnotes":""},"class_list":["post-121","page","type-page","status-publish","hentry"],"_links":{"self":[{"href":"https:\/\/www.anglarnasservice.se\/index.php?rest_route=\/wp\/v2\/pages\/121","targetHints":{"allow":["GET"]}}],"collection":[{"href":"https:\/\/www.anglarnasservice.se\/index.php?rest_route=\/wp\/v2\/pages"}],"about":[{"href":"https:\/\/www.anglarnasservice.se\/index.php?rest_route=\/wp\/v2\/types\/page"}],"author":[{"embeddable":true,"href":"https:\/\/www.anglarnasservice.se\/index.php?rest_route=\/wp\/v2\/users\/1"}],"replies":[{"embeddable":true,"href":"https:\/\/www.anglarnasservice.se\/index.php?rest_route=%2Fwp%2Fv2%2Fcomments&post=121"}],"version-history":[{"count":17,"href":"https:\/\/www.anglarnasservice.se\/index.php?rest_route=\/wp\/v2\/pages\/121\/revisions"}],"predecessor-version":[{"id":387,"href":"https:\/\/www.anglarnasservice.se\/index.php?rest_route=\/wp\/v2\/pages\/121\/revisions\/387"}],"wp:attachment":[{"href":"https:\/\/www.anglarnasservice.se\/index.php?rest_route=%2Fwp%2Fv2%2Fmedia&parent=121"}],"curies":[{"name":"wp","href":"https:\/\/api.w.org\/{rel}","templated":true}]}}