{"id":123,"date":"2026-01-27T19:13:17","date_gmt":"2026-01-27T16:13:17","guid":{"rendered":"https:\/\/www.anglarnasservice.se\/?page_id=123"},"modified":"2026-03-02T17:14:27","modified_gmt":"2026-03-02T14:14:27","slug":"flytt-och-visning-stadning","status":"publish","type":"page","link":"https:\/\/www.anglarnasservice.se\/?page_id=123","title":{"rendered":"Flyttst\u00e4dning"},"content":{"rendered":"\n<div class=\"wp-block-columns is-layout-flex wp-container-core-columns-is-layout-28f84493 wp-block-columns-is-layout-flex\">\n<div class=\"wp-block-column is-layout-flow wp-block-column-is-layout-flow\" style=\"flex-basis:27%\">\n<figure class=\"wp-block-image size-full has-custom-border\"><img loading=\"lazy\" decoding=\"async\" width=\"840\" height=\"598\" src=\"https:\/\/www.anglarnasservice.se\/wp-content\/uploads\/2026\/01\/moving-house-cleaning-cityhousekeeping-2.webp\" alt=\"\" class=\"wp-image-197\" style=\"border-top-left-radius:8px;border-top-right-radius:8px;border-bottom-left-radius:8px;border-bottom-right-radius:8px\" srcset=\"https:\/\/www.anglarnasservice.se\/wp-content\/uploads\/2026\/01\/moving-house-cleaning-cityhousekeeping-2.webp 840w, https:\/\/www.anglarnasservice.se\/wp-content\/uploads\/2026\/01\/moving-house-cleaning-cityhousekeeping-2-300x214.webp 300w\" sizes=\"auto, (max-width: 840px) 100vw, 840px\" \/><\/figure>\n\n\n\n<p class=\"has-background has-small-font-size\" style=\"background-color:#ffffff00;padding-top:0;padding-right:0;padding-bottom:0;padding-left:0\"><\/p>\n<\/div>\n\n\n\n<div class=\"wp-block-column is-layout-flow wp-block-column-is-layout-flow\">\n<p class=\"has-background has-medium-font-size\" style=\"background-color:#ffffff00;padding-top:0;padding-right:0;padding-bottom:0;padding-left:0\">Inte ska du beh\u00f6va ta hand om flyttst\u00e4dningen!<br>Det tr\u00e5kigaste momentet har nu kommit. Flyttst\u00e4dning tar mer \u00e4n g\u00e4rna hand om jobbet \u00e5t dig!<br><br>St\u00e4d Specifikation \u2013 Flyttst\u00e4da<br>Spis<br>Reng\u00f6ring ovan- och undersida, sidor och v\u00e4gg<br>Reng\u00f6ring kokplattor, \u00e4ven kokplattornas kanter<br>Reng\u00f6ring spisfl\u00e4kt, k\u00e5pa och filter<br>Reng\u00f6ring ugn och v\u00e4rmesk\u00e5p<br>Reng\u00f6ring pl\u00e5tar och galler<br>Diskb\u00e4nk, sk\u00e5p, v\u00e4ggar och golv<br>Avtorkning sk\u00e5p, in- och utv\u00e4ndigt<br>Reng\u00f6ring av kakel och kryddhylla<br>Avtorkning diskb\u00e4nk, vask och sk\u00e4rbr\u00e4da<br>Reng\u00f6ring golv<br>\u00d6vrigt k\u00f6k<br>F\u00f6nsterputs, in- och utsida och mellan glasen<br>Reng\u00f6ring kyl\/frys inv\u00e4ndigt, utv\u00e4ndigt om m\u00f6jligt<br>Reng\u00f6ring snickerier<br>Reng\u00f6ring p\u00e5 och bakom element<br>V\u00e5ttorkning av golv<br>Avtorkning innerd\u00f6rrar<br>Avtorkning sk\u00e5p och garderober<br>Avtorkning eluttag och str\u00f6mbrytare<br>Reng\u00f6ring v\u00e4ggar och tak fr\u00e5n damm<br>Toalett och badrum<br>Toalettstol och tv\u00e4ttst\u00e4ll<br>Reng\u00f6ring in- och utsidan av toalettstol<br>Reng\u00f6ring ovan- och undersida av tv\u00e4ttst\u00e4ll<br>Reng\u00f6ring av badrumssk\u00e5p<br>Avtorkning r\u00f6r<br>Reng\u00f6ring badkar och badkarsfront och under badkar<br>Reng\u00f6ring golv<br>Rensning golvbrunn<br>Reng\u00f6ring av kakelv\u00e4ggar<br>Vardagsrum, sovrum och hall<br>F\u00f6nsterputs, in- och utsida och mellan glasen<br>Reng\u00f6ring snickerier<br>Reng\u00f6ring p\u00e5 och bakom element<br>V\u00e5ttorkning av golv<br>Avtorkning innerd\u00f6rrar<br>Avtorkning sk\u00e5p och garderober<br>Avtorkning eluttag och str\u00f6mbrytare<br>Reng\u00f6ring v\u00e4ggar och tak fr\u00e5n damm<br>Inf\u00f6r flyttst\u00e4dning<br>Se till att hemmet \u00e4r tomt samt att kyl och frys \u00e4r urplockade och avst\u00e4ngda.<br>\u00c4nglarnas st\u00e4d tillhandah\u00e5ller material och utrustning f\u00f6r st\u00e4dningen. Befintliga skador m\u00e5ste rapporteras innan st\u00e4dningen p\u00e5b\u00f6rjas, exempelvis f\u00f6nsterrutor som ej g\u00e5r att \u00f6ppna. Vill du f\u00e5 st\u00e4dning av biytor som balkong, utsida av f\u00f6nsterbleck, f\u00f6rr\u00e5d, tv\u00e4ttstuga och garage kan du best\u00e4lla detta separat.<br><br><strong><mark style=\"background-color:rgba(0, 0, 0, 0);color:#d80000\" class=\"has-inline-color\">GARANTI<\/mark><\/strong><br><mark style=\"background-color:rgba(0, 0, 0, 0);color:#dc0000\" class=\"has-inline-color\">Vi har en kvalitetsgaranti, som inneb\u00e4r att vi \u00e5tg\u00e4rdar det du inte \u00e4r n\u00f6jd med. Reklamation m\u00e5ste g\u00f6ras senaste tv\u00e5 dagar efter st\u00e4dningstillf\u00e4llet.<\/mark><\/p>\n<\/div>\n<\/div>\n\n\n\n<div class=\"forminator-guttenberg\"><div class=\"forminator-ui forminator-custom-form forminator-custom-form-111 forminator-design--default  forminator_ajax\" data-forminator-render=\"0\" data-form=\"forminator-module-111\" data-uid=\"69e371fa046b4\"><br\/><\/div><form\n\t\t\t\tid=\"forminator-module-111\"\n\t\t\t\tclass=\"forminator-ui forminator-custom-form forminator-custom-form-111 forminator-design--default  forminator_ajax\"\n\t\t\t\tmethod=\"post\"\n\t\t\t\tdata-forminator-render=\"0\"\n\t\t\t\tdata-form-id=\"111\"\n\t\t\t\t data-color-option=\"theme\" data-design=\"default\" data-grid=\"open\" style=\"display: none;\"\n\t\t\t\tdata-uid=\"69e371fa046b4\"\n\t\t\t><div role=\"alert\" aria-live=\"polite\" class=\"forminator-response-message forminator-error\" aria-hidden=\"true\"><\/div><div class=\"forminator-row\"><div id=\"name-1\" class=\"forminator-field-name forminator-col forminator-col-12 \"><div class=\"forminator-field\"><label for=\"forminator-field-name-1_69e371fa046b4\" id=\"forminator-field-name-1_69e371fa046b4-label\" class=\"forminator-label\">Namn <span class=\"forminator-required\">*<\/span><\/label><input type=\"text\" name=\"name-1\" value=\"\" placeholder=\"\" id=\"forminator-field-name-1_69e371fa046b4\" class=\"forminator-input forminator-name--field\" aria-required=\"true\" autocomplete=\"name\" \/><\/div><\/div><\/div><div class=\"forminator-row\"><div id=\"address-1\" class=\"forminator-field-address forminator-col forminator-col-12 \"><div class=\"forminator-row\"><div id=\"address-1-street_address\" class=\"forminator-col\"><div class=\"forminator-field\"><label for=\"forminator-field-address-1-street_address_69e371fa046b4\" id=\"forminator-field-address-1-street_address_69e371fa046b4-label\" class=\"forminator-label\">Adress<\/label><input type=\"text\" name=\"address-1-street_address\" placeholder=\"\" id=\"forminator-field-address-1-street_address_69e371fa046b4\" class=\"forminator-input\" data-required=\"\" aria-required=\"false\" autocomplete=\"address-line1\" value=\"\" \/><\/div><\/div><\/div><div class=\"forminator-row\" data-multiple=\"false\"><div id=\"address-1-city\" class=\"forminator-col forminator-col-12\"><div class=\"forminator-field\"><label for=\"forminator-field-address-1-city_69e371fa046b4\" id=\"forminator-field-address-1-city_69e371fa046b4-label\" class=\"forminator-label\">Stad<\/label><input type=\"text\" name=\"address-1-city\" placeholder=\"\" id=\"forminator-field-address-1-city_69e371fa046b4\" class=\"forminator-input\" data-required=\"\" aria-required=\"false\" autocomplete=\"address-level2\" value=\"\" \/><\/div><\/div><\/div><div class=\"forminator-row\" data-multiple=\"false\"><div id=\"address-1-zip\" class=\"forminator-col forminator-col-12\"><div class=\"forminator-field\"><label for=\"forminator-field-address-1-zip_69e371fa046b4\" id=\"forminator-field-address-1-zip_69e371fa046b4-label\" class=\"forminator-label\">Postnummer<\/label><input type=\"text\" name=\"address-1-zip\" placeholder=\"\" id=\"forminator-field-address-1-zip_69e371fa046b4\" class=\"forminator-input\" autocomplete=\"postal-code\" value=\"\" \/><\/div><\/div><\/div><\/div><\/div><div class=\"forminator-row\"><div id=\"email-1\" class=\"forminator-field-email forminator-col forminator-col-12 \"><div class=\"forminator-field\"><label for=\"forminator-field-email-1_69e371fa046b4\" id=\"forminator-field-email-1_69e371fa046b4-label\" class=\"forminator-label\">E-postadress <span class=\"forminator-required\">*<\/span><\/label><input type=\"email\" name=\"email-1\" value=\"\" placeholder=\"\" id=\"forminator-field-email-1_69e371fa046b4\" class=\"forminator-input forminator-email--field\" data-required=\"true\" aria-required=\"true\" autocomplete=\"email\" \/><\/div><\/div><\/div><div class=\"forminator-row\"><div id=\"phone-1\" class=\"forminator-field-phone forminator-col forminator-col-12 \"><div class=\"forminator-field\"><label for=\"forminator-field-phone-1_69e371fa046b4\" id=\"forminator-field-phone-1_69e371fa046b4-label\" class=\"forminator-label\">Telefonnummer <span class=\"forminator-required\">*<\/span><\/label><input type=\"text\" name=\"phone-1\" value=\"\" placeholder=\"\" id=\"forminator-field-phone-1_69e371fa046b4\" class=\"forminator-input forminator-field--phone\" data-required=\"1\" aria-required=\"true\" autocomplete=\"off\" \/><\/div><\/div><\/div><div class=\"forminator-row\"><div id=\"textarea-1\" class=\"forminator-field-textarea forminator-col forminator-col-12 \"><div class=\"forminator-field\"><label for=\"forminator-field-textarea-1_69e371fa046b4\" id=\"forminator-field-textarea-1_69e371fa046b4-label\" class=\"forminator-label\">Meddelande <span class=\"forminator-required\">*<\/span><\/label><span id=\"forminator-field-textarea-1_69e371fa046b4-description\" class=\"forminator-description\"><span data-limit=\"257\" data-type=\"characters\" data-editor=\"\">0 \/ 257<\/span><\/span><textarea name=\"textarea-1\" placeholder=\"\" id=\"forminator-field-textarea-1_69e371fa046b4\" class=\"forminator-textarea\" rows=\"6\" style=\"min-height:140px;\" maxlength=\"257\" ><\/textarea><\/div><\/div><\/div><input type=\"hidden\" name=\"referer_url\" value=\"\" \/><div class=\"forminator-row forminator-row-last\"><div class=\"forminator-col\"><div class=\"forminator-field\"><button class=\"forminator-button forminator-button-submit\">Skicka<\/button><\/div><\/div><\/div><input type=\"hidden\" id=\"forminator_nonce\" name=\"forminator_nonce\" value=\"05afb75a56\" \/><input type=\"hidden\" name=\"_wp_http_referer\" value=\"\/index.php?rest_route=%2Fwp%2Fv2%2Fpages%2F123\" \/><input type=\"hidden\" name=\"form_id\" value=\"111\"><input type=\"hidden\" name=\"page_id\" value=\"123\"><input type=\"hidden\" name=\"form_type\" value=\"default\"><input type=\"hidden\" name=\"current_url\" value=\"https:\/\/www.anglarnasservice.se\/?page_id=123\"><input type=\"hidden\" name=\"render_id\" value=\"0\"><input type=\"hidden\" name=\"action\" value=\"forminator_submit_form_custom-forms\"><\/form><\/div>\n","protected":false},"excerpt":{"rendered":"<p>Inte ska du beh\u00f6va ta hand om flyttst\u00e4dningen!Det tr\u00e5kigaste momentet har nu kommit. Flyttst\u00e4dning tar mer \u00e4n g\u00e4rna hand om jobbet \u00e5t dig! St\u00e4d Specifikation \u2013 Flyttst\u00e4daSpisReng\u00f6ring ovan- och undersida, sidor och v\u00e4ggReng\u00f6ring kokplattor, \u00e4ven kokplattornas kanterReng\u00f6ring spisfl\u00e4kt, k\u00e5pa och filterReng\u00f6ring ugn och v\u00e4rmesk\u00e5pReng\u00f6ring pl\u00e5tar och gallerDiskb\u00e4nk, sk\u00e5p, v\u00e4ggar och golvAvtorkning sk\u00e5p, in- och utv\u00e4ndigtReng\u00f6ring &hellip; <\/p>\n<p class=\"link-more\"><a href=\"https:\/\/www.anglarnasservice.se\/?page_id=123\" class=\"more-link\"><span class=\"screen-reader-text\"> &#8220;Flyttst\u00e4dning&#8221;<\/span>devam\u0131n\u0131 oku<\/a><\/p>\n","protected":false},"author":1,"featured_media":0,"parent":0,"menu_order":0,"comment_status":"closed","ping_status":"closed","template":"","meta":{"inspiro_hide_title":false,"footnotes":""},"class_list":["post-123","page","type-page","status-publish","hentry"],"_links":{"self":[{"href":"https:\/\/www.anglarnasservice.se\/index.php?rest_route=\/wp\/v2\/pages\/123","targetHints":{"allow":["GET"]}}],"collection":[{"href":"https:\/\/www.anglarnasservice.se\/index.php?rest_route=\/wp\/v2\/pages"}],"about":[{"href":"https:\/\/www.anglarnasservice.se\/index.php?rest_route=\/wp\/v2\/types\/page"}],"author":[{"embeddable":true,"href":"https:\/\/www.anglarnasservice.se\/index.php?rest_route=\/wp\/v2\/users\/1"}],"replies":[{"embeddable":true,"href":"https:\/\/www.anglarnasservice.se\/index.php?rest_route=%2Fwp%2Fv2%2Fcomments&post=123"}],"version-history":[{"count":22,"href":"https:\/\/www.anglarnasservice.se\/index.php?rest_route=\/wp\/v2\/pages\/123\/revisions"}],"predecessor-version":[{"id":452,"href":"https:\/\/www.anglarnasservice.se\/index.php?rest_route=\/wp\/v2\/pages\/123\/revisions\/452"}],"wp:attachment":[{"href":"https:\/\/www.anglarnasservice.se\/index.php?rest_route=%2Fwp%2Fv2%2Fmedia&parent=123"}],"curies":[{"name":"wp","href":"https:\/\/api.w.org\/{rel}","templated":true}]}}