{"id":138,"date":"2026-01-27T19:27:34","date_gmt":"2026-01-27T16:27:34","guid":{"rendered":"https:\/\/www.anglarnasservice.se\/?page_id=138"},"modified":"2026-02-25T17:39:23","modified_gmt":"2026-02-25T14:39:23","slug":"tippkarning","status":"publish","type":"page","link":"https:\/\/www.anglarnasservice.se\/?page_id=138","title":{"rendered":"Tippk\u00f6rning"},"content":{"rendered":"\n<p class=\"has-background\" style=\"background-color:#ffffff00;padding-top:0;padding-right:0;padding-bottom:0;padding-left:0\">Skr\u00e4p till tippen\nHar du st\u00e4dat hemma eller i tr\u00e4dg\u00e5rden och beh\u00f6ver hj\u00e4lp att k\u00f6ra till \u00e5tervinningsstationen? \u00c4nglarnas service hj\u00e4lper dig att t\u00f6mma garaget, flytta f\u00f6rr\u00e5det eller frakta bort skr\u00e4p ifr\u00e5n tomten\n\n\nVi t\u00e4nker milj\u00f6 och m\u00e4nniskor\n\u00c4nglarnas service str\u00e4var till att \u00e5teranv\u00e4nda eller \u00e5tervinna avfallet s\u00e5 mycket som m\u00f6jligt. Vi v\u00e4ljer mottagningsstationer med en h\u00f6g \u00e5teranv\u00e4ndningsprocent. Vi samarbetar ocks\u00e5 med v\u00e4lg\u00f6renhetsorganisationer och specialbutiker som vi sk\u00e4nker bl.a. m\u00f6bler till. Detta b\u00e5de f\u00f6r att maximera \u00e5teranv\u00e4ndningen och f\u00f6r att kunna ge dig ett f\u00f6rdelaktigt pris<\/p>\n","protected":false},"excerpt":{"rendered":"<p>Skr\u00e4p till tippen Har du st\u00e4dat hemma eller i tr\u00e4dg\u00e5rden och beh\u00f6ver hj\u00e4lp att k\u00f6ra till \u00e5tervinningsstationen? \u00c4nglarnas service hj\u00e4lper dig att t\u00f6mma garaget, flytta f\u00f6rr\u00e5det eller frakta bort skr\u00e4p ifr\u00e5n tomten Vi t\u00e4nker milj\u00f6 och m\u00e4nniskor \u00c4nglarnas service str\u00e4var till att \u00e5teranv\u00e4nda eller \u00e5tervinna avfallet s\u00e5 mycket som m\u00f6jligt. Vi v\u00e4ljer mottagningsstationer med en &hellip; <\/p>\n<p class=\"link-more\"><a href=\"https:\/\/www.anglarnasservice.se\/?page_id=138\" class=\"more-link\"><span class=\"screen-reader-text\"> &#8220;Tippk\u00f6rning&#8221;<\/span>devam\u0131n\u0131 oku<\/a><\/p>\n","protected":false},"author":1,"featured_media":0,"parent":0,"menu_order":0,"comment_status":"closed","ping_status":"closed","template":"","meta":{"inspiro_hide_title":false,"footnotes":""},"class_list":["post-138","page","type-page","status-publish","hentry"],"_links":{"self":[{"href":"https:\/\/www.anglarnasservice.se\/index.php?rest_route=\/wp\/v2\/pages\/138","targetHints":{"allow":["GET"]}}],"collection":[{"href":"https:\/\/www.anglarnasservice.se\/index.php?rest_route=\/wp\/v2\/pages"}],"about":[{"href":"https:\/\/www.anglarnasservice.se\/index.php?rest_route=\/wp\/v2\/types\/page"}],"author":[{"embeddable":true,"href":"https:\/\/www.anglarnasservice.se\/index.php?rest_route=\/wp\/v2\/users\/1"}],"replies":[{"embeddable":true,"href":"https:\/\/www.anglarnasservice.se\/index.php?rest_route=%2Fwp%2Fv2%2Fcomments&post=138"}],"version-history":[{"count":3,"href":"https:\/\/www.anglarnasservice.se\/index.php?rest_route=\/wp\/v2\/pages\/138\/revisions"}],"predecessor-version":[{"id":388,"href":"https:\/\/www.anglarnasservice.se\/index.php?rest_route=\/wp\/v2\/pages\/138\/revisions\/388"}],"wp:attachment":[{"href":"https:\/\/www.anglarnasservice.se\/index.php?rest_route=%2Fwp%2Fv2%2Fmedia&parent=138"}],"curies":[{"name":"wp","href":"https:\/\/api.w.org\/{rel}","templated":true}]}}