{"id":311,"date":"2026-02-21T17:25:26","date_gmt":"2026-02-21T14:25:26","guid":{"rendered":"https:\/\/www.anglarnasservice.se\/?page_id=311"},"modified":"2026-02-21T19:19:59","modified_gmt":"2026-02-21T16:19:59","slug":"fasadtvatt-fasadvard","status":"publish","type":"page","link":"https:\/\/www.anglarnasservice.se\/?page_id=311","title":{"rendered":"Fasadtv\u00e4tt &amp;  Fasadv\u00e5rd"},"content":{"rendered":"\n<div class=\"wp-block-columns is-layout-flex wp-container-core-columns-is-layout-28f84493 wp-block-columns-is-layout-flex\">\n<div class=\"wp-block-column is-layout-flow wp-block-column-is-layout-flow\" style=\"flex-basis:28%\">\n<figure class=\"wp-block-image size-full has-custom-border\"><img loading=\"lazy\" decoding=\"async\" width=\"600\" height=\"400\" src=\"https:\/\/www.anglarnasservice.se\/wp-content\/uploads\/2026\/01\/1-2-1.png\" alt=\"\" class=\"wp-image-181\" style=\"border-top-left-radius:8px;border-top-right-radius:8px;border-bottom-left-radius:8px;border-bottom-right-radius:8px\" srcset=\"https:\/\/www.anglarnasservice.se\/wp-content\/uploads\/2026\/01\/1-2-1.png 600w, https:\/\/www.anglarnasservice.se\/wp-content\/uploads\/2026\/01\/1-2-1-300x200.png 300w\" sizes=\"auto, (max-width: 600px) 100vw, 600px\" \/><\/figure>\n<\/div>\n\n\n\n<div class=\"wp-block-column is-layout-flow wp-block-column-is-layout-flow\" style=\"flex-basis:72%\">\n<p class=\"has-background\" style=\"border-style:none;border-width:0px;border-top-left-radius:0px;border-top-right-radius:0px;border-bottom-left-radius:0px;border-bottom-right-radius:0px;background-color:#ffffff00;padding-top:0;padding-right:0;padding-bottom:0;padding-left:0\">Vi erbjuder omfattande fasadv\u00e5rd i hela Sm\u00e5land som f\u00f6rl\u00e4nger din byggnads livsl\u00e4ngd och bevarar dess v\u00e4rde.<br><br>Kostnadseffektiv investering<br>F\u00f6rebyggande underh\u00e5ll som sparar pengar p\u00e5 l\u00e5ng sikt och bevarar fastighetsv\u00e4rdet.<br><br>Ren och v\u00e4lv\u00e5rdad fasad efter professionell fasadv\u00e5rd och reng\u00f6ring<br>Varf\u00f6r \u00e4r fasadv\u00e5rd viktigt?<br>Fasaden uts\u00e4tts dagligen f\u00f6r v\u00e4der, vind, avgaser och f\u00f6roreningar. Med tiden samlas smuts, m\u00f6gel och alger som kan leda till sprickor, fuktproblem och kostsamma renoveringar.<br><br>Genom att boka regelbunden fasadv\u00e5rd slipper du dyra reparationer och bevarar b\u00e5de husets utseende och v\u00e4rde. En ren fasad ger dessutom ett trevligare intryck och \u00f6kar fastighetens attraktionskraft.<br><br>F\u00f6rdelar med fasadv\u00e5rd<br>Vi levererar professionell fasadv\u00e5rd som ger l\u00e5ngsiktiga resultat och skyddar din investering:<br><br>F\u00f6rl\u00e4nger livsl\u00e4ngden p\u00e5 fasaden<br>Professionell reng\u00f6ring och skydd som f\u00f6rebygger skador och f\u00f6rl\u00e4nger fasadens livsl\u00e4ngd med m\u00e5nga \u00e5r.<br><br>Tar bort smuts, alger och m\u00f6gel<br>Effektiv reng\u00f6ring som eliminerar alla typer av f\u00f6roreningar och \u00e5terst\u00e4ller fasadens ursprungliga utseende.<br><br>F\u00f6rb\u00e4ttrar husets helhetsintryck<br>Ger ditt hem ett professionellt och omv\u00e5rdat utseende som imponerar p\u00e5 grannar och bes\u00f6kare.<br><br>Skyddar mot fukt och frostskador<br>F\u00f6rebygger kostsamma reparationer genom att eliminera fuktproblem och frostsprickor.<br><br>Pris f\u00f6r Fasadtv\u00e4tt<br>Pris p\u00e5 fasadv\u00e5rd varierar beroende p\u00e5 hur<br>mycket p\u00e5v\u00e4xt det \u00e4r p\u00e5 fasaderna, husets<br>storlek samt h\u00f6jd till nock.<br>Sammanfattningsvis g\u00f6r detta att offertpriserna ligger fr\u00e5n<br>2.500kr efter ROT-avdrag och upp\u00e5t. D\u00e4rav kan ni kontakta oss, s\u00e5 kommer vi f\u00f6rbi och g\u00f6r upp en pris plan.<br>Det \u00e4r helt kostnadsfritt att boka oss f\u00f6r offert.<br><\/p>\n<\/div>\n<\/div>\n\n\n\n<div class=\"forminator-guttenberg\"><div class=\"forminator-ui forminator-custom-form forminator-custom-form-111 forminator-design--default  forminator_ajax\" data-forminator-render=\"0\" data-form=\"forminator-module-111\" data-uid=\"69e3721d7872e\"><br\/><\/div><form\n\t\t\t\tid=\"forminator-module-111\"\n\t\t\t\tclass=\"forminator-ui forminator-custom-form forminator-custom-form-111 forminator-design--default  forminator_ajax\"\n\t\t\t\tmethod=\"post\"\n\t\t\t\tdata-forminator-render=\"0\"\n\t\t\t\tdata-form-id=\"111\"\n\t\t\t\t data-color-option=\"theme\" data-design=\"default\" data-grid=\"open\" style=\"display: none;\"\n\t\t\t\tdata-uid=\"69e3721d7872e\"\n\t\t\t><div role=\"alert\" aria-live=\"polite\" class=\"forminator-response-message forminator-error\" aria-hidden=\"true\"><\/div><div class=\"forminator-row\"><div id=\"name-1\" class=\"forminator-field-name forminator-col forminator-col-12 \"><div class=\"forminator-field\"><label for=\"forminator-field-name-1_69e3721d7872e\" id=\"forminator-field-name-1_69e3721d7872e-label\" class=\"forminator-label\">Namn <span class=\"forminator-required\">*<\/span><\/label><input type=\"text\" name=\"name-1\" value=\"\" placeholder=\"\" id=\"forminator-field-name-1_69e3721d7872e\" class=\"forminator-input forminator-name--field\" aria-required=\"true\" autocomplete=\"name\" \/><\/div><\/div><\/div><div class=\"forminator-row\"><div id=\"address-1\" class=\"forminator-field-address forminator-col forminator-col-12 \"><div class=\"forminator-row\"><div id=\"address-1-street_address\" class=\"forminator-col\"><div class=\"forminator-field\"><label for=\"forminator-field-address-1-street_address_69e3721d7872e\" id=\"forminator-field-address-1-street_address_69e3721d7872e-label\" class=\"forminator-label\">Adress<\/label><input type=\"text\" name=\"address-1-street_address\" placeholder=\"\" id=\"forminator-field-address-1-street_address_69e3721d7872e\" class=\"forminator-input\" data-required=\"\" aria-required=\"false\" autocomplete=\"address-line1\" value=\"\" \/><\/div><\/div><\/div><div class=\"forminator-row\" data-multiple=\"false\"><div id=\"address-1-city\" class=\"forminator-col forminator-col-12\"><div class=\"forminator-field\"><label for=\"forminator-field-address-1-city_69e3721d7872e\" id=\"forminator-field-address-1-city_69e3721d7872e-label\" class=\"forminator-label\">Stad<\/label><input type=\"text\" name=\"address-1-city\" placeholder=\"\" id=\"forminator-field-address-1-city_69e3721d7872e\" class=\"forminator-input\" data-required=\"\" aria-required=\"false\" autocomplete=\"address-level2\" value=\"\" \/><\/div><\/div><\/div><div class=\"forminator-row\" data-multiple=\"false\"><div id=\"address-1-zip\" class=\"forminator-col forminator-col-12\"><div class=\"forminator-field\"><label for=\"forminator-field-address-1-zip_69e3721d7872e\" id=\"forminator-field-address-1-zip_69e3721d7872e-label\" class=\"forminator-label\">Postnummer<\/label><input type=\"text\" name=\"address-1-zip\" placeholder=\"\" id=\"forminator-field-address-1-zip_69e3721d7872e\" class=\"forminator-input\" autocomplete=\"postal-code\" value=\"\" \/><\/div><\/div><\/div><\/div><\/div><div class=\"forminator-row\"><div id=\"email-1\" class=\"forminator-field-email forminator-col forminator-col-12 \"><div class=\"forminator-field\"><label for=\"forminator-field-email-1_69e3721d7872e\" id=\"forminator-field-email-1_69e3721d7872e-label\" class=\"forminator-label\">E-postadress <span class=\"forminator-required\">*<\/span><\/label><input type=\"email\" name=\"email-1\" value=\"\" placeholder=\"\" id=\"forminator-field-email-1_69e3721d7872e\" class=\"forminator-input forminator-email--field\" data-required=\"true\" aria-required=\"true\" autocomplete=\"email\" \/><\/div><\/div><\/div><div class=\"forminator-row\"><div id=\"phone-1\" class=\"forminator-field-phone forminator-col forminator-col-12 \"><div class=\"forminator-field\"><label for=\"forminator-field-phone-1_69e3721d7872e\" id=\"forminator-field-phone-1_69e3721d7872e-label\" class=\"forminator-label\">Telefonnummer <span class=\"forminator-required\">*<\/span><\/label><input type=\"text\" name=\"phone-1\" value=\"\" placeholder=\"\" id=\"forminator-field-phone-1_69e3721d7872e\" class=\"forminator-input forminator-field--phone\" data-required=\"1\" aria-required=\"true\" autocomplete=\"off\" \/><\/div><\/div><\/div><div class=\"forminator-row\"><div id=\"textarea-1\" class=\"forminator-field-textarea forminator-col forminator-col-12 \"><div class=\"forminator-field\"><label for=\"forminator-field-textarea-1_69e3721d7872e\" id=\"forminator-field-textarea-1_69e3721d7872e-label\" class=\"forminator-label\">Meddelande <span class=\"forminator-required\">*<\/span><\/label><span id=\"forminator-field-textarea-1_69e3721d7872e-description\" class=\"forminator-description\"><span data-limit=\"257\" data-type=\"characters\" data-editor=\"\">0 \/ 257<\/span><\/span><textarea name=\"textarea-1\" placeholder=\"\" id=\"forminator-field-textarea-1_69e3721d7872e\" class=\"forminator-textarea\" rows=\"6\" style=\"min-height:140px;\" maxlength=\"257\" ><\/textarea><\/div><\/div><\/div><input type=\"hidden\" name=\"referer_url\" value=\"\" \/><div class=\"forminator-row forminator-row-last\"><div class=\"forminator-col\"><div class=\"forminator-field\"><button class=\"forminator-button forminator-button-submit\">Skicka<\/button><\/div><\/div><\/div><input type=\"hidden\" id=\"forminator_nonce\" name=\"forminator_nonce\" value=\"05afb75a56\" \/><input type=\"hidden\" name=\"_wp_http_referer\" value=\"\/index.php?rest_route=%2Fwp%2Fv2%2Fpages%2F311\" \/><input type=\"hidden\" name=\"form_id\" value=\"111\"><input type=\"hidden\" name=\"page_id\" value=\"311\"><input type=\"hidden\" name=\"form_type\" value=\"default\"><input type=\"hidden\" name=\"current_url\" value=\"https:\/\/www.anglarnasservice.se\/?page_id=311\"><input type=\"hidden\" name=\"render_id\" value=\"0\"><input type=\"hidden\" name=\"action\" value=\"forminator_submit_form_custom-forms\"><\/form><\/div>\n","protected":false},"excerpt":{"rendered":"<p>Vi erbjuder omfattande fasadv\u00e5rd i hela Sm\u00e5land som f\u00f6rl\u00e4nger din byggnads livsl\u00e4ngd och bevarar dess v\u00e4rde. Kostnadseffektiv investeringF\u00f6rebyggande underh\u00e5ll som sparar pengar p\u00e5 l\u00e5ng sikt och bevarar fastighetsv\u00e4rdet. Ren och v\u00e4lv\u00e5rdad fasad efter professionell fasadv\u00e5rd och reng\u00f6ringVarf\u00f6r \u00e4r fasadv\u00e5rd viktigt?Fasaden uts\u00e4tts dagligen f\u00f6r v\u00e4der, vind, avgaser och f\u00f6roreningar. Med tiden samlas smuts, m\u00f6gel och alger &hellip; <\/p>\n<p class=\"link-more\"><a href=\"https:\/\/www.anglarnasservice.se\/?page_id=311\" class=\"more-link\"><span class=\"screen-reader-text\"> &#8220;Fasadtv\u00e4tt &amp;  Fasadv\u00e5rd&#8221;<\/span>devam\u0131n\u0131 oku<\/a><\/p>\n","protected":false},"author":1,"featured_media":0,"parent":0,"menu_order":0,"comment_status":"closed","ping_status":"closed","template":"","meta":{"inspiro_hide_title":false,"footnotes":""},"class_list":["post-311","page","type-page","status-publish","hentry"],"_links":{"self":[{"href":"https:\/\/www.anglarnasservice.se\/index.php?rest_route=\/wp\/v2\/pages\/311","targetHints":{"allow":["GET"]}}],"collection":[{"href":"https:\/\/www.anglarnasservice.se\/index.php?rest_route=\/wp\/v2\/pages"}],"about":[{"href":"https:\/\/www.anglarnasservice.se\/index.php?rest_route=\/wp\/v2\/types\/page"}],"author":[{"embeddable":true,"href":"https:\/\/www.anglarnasservice.se\/index.php?rest_route=\/wp\/v2\/users\/1"}],"replies":[{"embeddable":true,"href":"https:\/\/www.anglarnasservice.se\/index.php?rest_route=%2Fwp%2Fv2%2Fcomments&post=311"}],"version-history":[{"count":7,"href":"https:\/\/www.anglarnasservice.se\/index.php?rest_route=\/wp\/v2\/pages\/311\/revisions"}],"predecessor-version":[{"id":434,"href":"https:\/\/www.anglarnasservice.se\/index.php?rest_route=\/wp\/v2\/pages\/311\/revisions\/434"}],"wp:attachment":[{"href":"https:\/\/www.anglarnasservice.se\/index.php?rest_route=%2Fwp%2Fv2%2Fmedia&parent=311"}],"curies":[{"name":"wp","href":"https:\/\/api.w.org\/{rel}","templated":true}]}}