{"id":332,"date":"2026-02-21T18:41:22","date_gmt":"2026-02-21T15:41:22","guid":{"rendered":"https:\/\/www.anglarnasservice.se\/?page_id=332"},"modified":"2026-02-21T19:23:13","modified_gmt":"2026-02-21T16:23:13","slug":"fonsterputs","status":"publish","type":"page","link":"https:\/\/www.anglarnasservice.se\/?page_id=332","title":{"rendered":"F\u00f6nsterputs"},"content":{"rendered":"\n<div class=\"wp-block-columns is-layout-flex wp-container-core-columns-is-layout-28f84493 wp-block-columns-is-layout-flex\">\n<div class=\"wp-block-column is-layout-flow wp-block-column-is-layout-flow\" style=\"flex-basis:28%\">\n<figure class=\"wp-block-image size-full has-custom-border\"><img loading=\"lazy\" decoding=\"async\" width=\"314\" height=\"334\" src=\"https:\/\/www.anglarnasservice.se\/wp-content\/uploads\/2026\/01\/fonster.jpg\" alt=\"\" class=\"wp-image-214\" style=\"border-top-left-radius:8px;border-top-right-radius:8px;border-bottom-left-radius:8px;border-bottom-right-radius:8px;aspect-ratio:4\/3;object-fit:cover\" srcset=\"https:\/\/www.anglarnasservice.se\/wp-content\/uploads\/2026\/01\/fonster.jpg 314w, https:\/\/www.anglarnasservice.se\/wp-content\/uploads\/2026\/01\/fonster-282x300.jpg 282w\" sizes=\"auto, (max-width: 314px) 100vw, 314px\" \/><\/figure>\n<\/div>\n\n\n\n<div class=\"wp-block-column is-layout-flow wp-block-column-is-layout-flow\" style=\"flex-basis:72%\">\n<p class=\"has-background\" style=\"background-color:#ffffff00;margin-top:0;margin-right:0;margin-bottom:0;margin-left:0;padding-top:0;padding-right:0;padding-bottom:0;padding-left:0\">H\u00f6gkvalitativ f\u00f6nsterputs<br>Njut av utsikten genom rena f\u00f6nster. Se solljuset str\u00f6mma in och s\u00e4tta sin pr\u00e4gel p\u00e5 f\u00e4rg och form i ditt hem. Genom att putsa f\u00f6nster regelbundet \u00f6kar b\u00e5de trivseln och funktionen i rummen. \u00c4nglarnas Service ser till att du f\u00e5r professionell f\u00f6nsterputs.<br><br>Specialisthj\u00e4lp<br>Vi anv\u00e4nder oss av personal som \u00e4r specialiserade p\u00e5 just f\u00f6nsterputs. De \u00e4r professionella samarbetspartners och har gedigen erfarenhet och utbildning.<br><br>F\u00f6rberedelser inf\u00f6r f\u00f6nsterputs<br>Vi ber er plocka bort blommor och f\u00f6rem\u00e5l fr\u00e5n f\u00f6nsterblecken.<br>V\u00e4nligen, Informera oss om befintliga skador innan putsningen p\u00e5b\u00f6rjas, exempelvis repade glas och f\u00f6nster som \u00e4r sv\u00e5ra att \u00f6ppna.<br>Kostnad (efter skatteavdraget)<br>Vi tar betalt per timme. Priset \u00e4r:<br><br>310 kr\/tim inkl. moms (efter RUT avdrag)<br>Minimum debitering \u00e4r 2 timmar<br>Kontors f\u00f6nsterputs ring f\u00f6r offert<br>Avbokning<br>Avbokning av planerad f\u00f6nsterputs m\u00e5ste g\u00f6ras minst tre (3) arbetsdagar i f\u00f6rv\u00e4g f\u00f6r att undvika debitering. Vid avbokning senare \u00e4n s\u00e5 debiteras 620kr inkl. moms<\/p>\n<\/div>\n<\/div>\n\n\n\n<div class=\"forminator-guttenberg\"><div class=\"forminator-ui forminator-custom-form forminator-custom-form-111 forminator-design--default  forminator_ajax\" data-forminator-render=\"0\" data-form=\"forminator-module-111\" data-uid=\"69e371adb7880\"><br\/><\/div><form\n\t\t\t\tid=\"forminator-module-111\"\n\t\t\t\tclass=\"forminator-ui forminator-custom-form forminator-custom-form-111 forminator-design--default  forminator_ajax\"\n\t\t\t\tmethod=\"post\"\n\t\t\t\tdata-forminator-render=\"0\"\n\t\t\t\tdata-form-id=\"111\"\n\t\t\t\t data-color-option=\"theme\" data-design=\"default\" data-grid=\"open\" style=\"display: none;\"\n\t\t\t\tdata-uid=\"69e371adb7880\"\n\t\t\t><div role=\"alert\" aria-live=\"polite\" class=\"forminator-response-message forminator-error\" aria-hidden=\"true\"><\/div><div class=\"forminator-row\"><div id=\"name-1\" class=\"forminator-field-name forminator-col forminator-col-12 \"><div class=\"forminator-field\"><label for=\"forminator-field-name-1_69e371adb7880\" id=\"forminator-field-name-1_69e371adb7880-label\" class=\"forminator-label\">Namn <span class=\"forminator-required\">*<\/span><\/label><input type=\"text\" name=\"name-1\" value=\"\" placeholder=\"\" id=\"forminator-field-name-1_69e371adb7880\" class=\"forminator-input forminator-name--field\" aria-required=\"true\" autocomplete=\"name\" \/><\/div><\/div><\/div><div class=\"forminator-row\"><div id=\"address-1\" class=\"forminator-field-address forminator-col forminator-col-12 \"><div class=\"forminator-row\"><div id=\"address-1-street_address\" class=\"forminator-col\"><div class=\"forminator-field\"><label for=\"forminator-field-address-1-street_address_69e371adb7880\" id=\"forminator-field-address-1-street_address_69e371adb7880-label\" class=\"forminator-label\">Adress<\/label><input type=\"text\" name=\"address-1-street_address\" placeholder=\"\" id=\"forminator-field-address-1-street_address_69e371adb7880\" class=\"forminator-input\" data-required=\"\" aria-required=\"false\" autocomplete=\"address-line1\" value=\"\" \/><\/div><\/div><\/div><div class=\"forminator-row\" data-multiple=\"false\"><div id=\"address-1-city\" class=\"forminator-col forminator-col-12\"><div class=\"forminator-field\"><label for=\"forminator-field-address-1-city_69e371adb7880\" id=\"forminator-field-address-1-city_69e371adb7880-label\" class=\"forminator-label\">Stad<\/label><input type=\"text\" name=\"address-1-city\" placeholder=\"\" id=\"forminator-field-address-1-city_69e371adb7880\" class=\"forminator-input\" data-required=\"\" aria-required=\"false\" autocomplete=\"address-level2\" value=\"\" \/><\/div><\/div><\/div><div class=\"forminator-row\" data-multiple=\"false\"><div id=\"address-1-zip\" class=\"forminator-col forminator-col-12\"><div class=\"forminator-field\"><label for=\"forminator-field-address-1-zip_69e371adb7880\" id=\"forminator-field-address-1-zip_69e371adb7880-label\" class=\"forminator-label\">Postnummer<\/label><input type=\"text\" name=\"address-1-zip\" placeholder=\"\" id=\"forminator-field-address-1-zip_69e371adb7880\" class=\"forminator-input\" autocomplete=\"postal-code\" value=\"\" \/><\/div><\/div><\/div><\/div><\/div><div class=\"forminator-row\"><div id=\"email-1\" class=\"forminator-field-email forminator-col forminator-col-12 \"><div class=\"forminator-field\"><label for=\"forminator-field-email-1_69e371adb7880\" id=\"forminator-field-email-1_69e371adb7880-label\" class=\"forminator-label\">E-postadress <span class=\"forminator-required\">*<\/span><\/label><input type=\"email\" name=\"email-1\" value=\"\" placeholder=\"\" id=\"forminator-field-email-1_69e371adb7880\" class=\"forminator-input forminator-email--field\" data-required=\"true\" aria-required=\"true\" autocomplete=\"email\" \/><\/div><\/div><\/div><div class=\"forminator-row\"><div id=\"phone-1\" class=\"forminator-field-phone forminator-col forminator-col-12 \"><div class=\"forminator-field\"><label for=\"forminator-field-phone-1_69e371adb7880\" id=\"forminator-field-phone-1_69e371adb7880-label\" class=\"forminator-label\">Telefonnummer <span class=\"forminator-required\">*<\/span><\/label><input type=\"text\" name=\"phone-1\" value=\"\" placeholder=\"\" id=\"forminator-field-phone-1_69e371adb7880\" class=\"forminator-input forminator-field--phone\" data-required=\"1\" aria-required=\"true\" autocomplete=\"off\" \/><\/div><\/div><\/div><div class=\"forminator-row\"><div id=\"textarea-1\" class=\"forminator-field-textarea forminator-col forminator-col-12 \"><div class=\"forminator-field\"><label for=\"forminator-field-textarea-1_69e371adb7880\" id=\"forminator-field-textarea-1_69e371adb7880-label\" class=\"forminator-label\">Meddelande <span class=\"forminator-required\">*<\/span><\/label><span id=\"forminator-field-textarea-1_69e371adb7880-description\" class=\"forminator-description\"><span data-limit=\"257\" data-type=\"characters\" data-editor=\"\">0 \/ 257<\/span><\/span><textarea name=\"textarea-1\" placeholder=\"\" id=\"forminator-field-textarea-1_69e371adb7880\" class=\"forminator-textarea\" rows=\"6\" style=\"min-height:140px;\" maxlength=\"257\" ><\/textarea><\/div><\/div><\/div><input type=\"hidden\" name=\"referer_url\" value=\"\" \/><div class=\"forminator-row forminator-row-last\"><div class=\"forminator-col\"><div class=\"forminator-field\"><button class=\"forminator-button forminator-button-submit\">Skicka<\/button><\/div><\/div><\/div><input type=\"hidden\" id=\"forminator_nonce\" name=\"forminator_nonce\" value=\"05afb75a56\" \/><input type=\"hidden\" name=\"_wp_http_referer\" value=\"\/index.php?rest_route=%2Fwp%2Fv2%2Fpages%2F332\" \/><input type=\"hidden\" name=\"form_id\" value=\"111\"><input type=\"hidden\" name=\"page_id\" value=\"332\"><input type=\"hidden\" name=\"form_type\" value=\"default\"><input type=\"hidden\" name=\"current_url\" value=\"https:\/\/www.anglarnasservice.se\/?page_id=332\"><input type=\"hidden\" name=\"render_id\" value=\"0\"><input type=\"hidden\" name=\"action\" value=\"forminator_submit_form_custom-forms\"><\/form><\/div>\n","protected":false},"excerpt":{"rendered":"<p>H\u00f6gkvalitativ f\u00f6nsterputsNjut av utsikten genom rena f\u00f6nster. Se solljuset str\u00f6mma in och s\u00e4tta sin pr\u00e4gel p\u00e5 f\u00e4rg och form i ditt hem. Genom att putsa f\u00f6nster regelbundet \u00f6kar b\u00e5de trivseln och funktionen i rummen. \u00c4nglarnas Service ser till att du f\u00e5r professionell f\u00f6nsterputs. Specialisthj\u00e4lpVi anv\u00e4nder oss av personal som \u00e4r specialiserade p\u00e5 just f\u00f6nsterputs. De &hellip; <\/p>\n<p class=\"link-more\"><a href=\"https:\/\/www.anglarnasservice.se\/?page_id=332\" class=\"more-link\"><span class=\"screen-reader-text\"> &#8220;F\u00f6nsterputs&#8221;<\/span>devam\u0131n\u0131 oku<\/a><\/p>\n","protected":false},"author":1,"featured_media":0,"parent":0,"menu_order":0,"comment_status":"closed","ping_status":"closed","template":"","meta":{"inspiro_hide_title":false,"footnotes":""},"class_list":["post-332","page","type-page","status-publish","hentry"],"_links":{"self":[{"href":"https:\/\/www.anglarnasservice.se\/index.php?rest_route=\/wp\/v2\/pages\/332","targetHints":{"allow":["GET"]}}],"collection":[{"href":"https:\/\/www.anglarnasservice.se\/index.php?rest_route=\/wp\/v2\/pages"}],"about":[{"href":"https:\/\/www.anglarnasservice.se\/index.php?rest_route=\/wp\/v2\/types\/page"}],"author":[{"embeddable":true,"href":"https:\/\/www.anglarnasservice.se\/index.php?rest_route=\/wp\/v2\/users\/1"}],"replies":[{"embeddable":true,"href":"https:\/\/www.anglarnasservice.se\/index.php?rest_route=%2Fwp%2Fv2%2Fcomments&post=332"}],"version-history":[{"count":5,"href":"https:\/\/www.anglarnasservice.se\/index.php?rest_route=\/wp\/v2\/pages\/332\/revisions"}],"predecessor-version":[{"id":381,"href":"https:\/\/www.anglarnasservice.se\/index.php?rest_route=\/wp\/v2\/pages\/332\/revisions\/381"}],"wp:attachment":[{"href":"https:\/\/www.anglarnasservice.se\/index.php?rest_route=%2Fwp%2Fv2%2Fmedia&parent=332"}],"curies":[{"name":"wp","href":"https:\/\/api.w.org\/{rel}","templated":true}]}}