{"id":338,"date":"2026-02-21T18:49:15","date_gmt":"2026-02-21T15:49:15","guid":{"rendered":"https:\/\/www.anglarnasservice.se\/?page_id=338"},"modified":"2026-02-21T19:22:20","modified_gmt":"2026-02-21T16:22:20","slug":"338-2","status":"publish","type":"page","link":"https:\/\/www.anglarnasservice.se\/?page_id=338","title":{"rendered":"Takv\u00e5rd"},"content":{"rendered":"\n<div class=\"wp-block-columns is-layout-flex wp-container-core-columns-is-layout-28f84493 wp-block-columns-is-layout-flex\">\n<div class=\"wp-block-column is-layout-flow wp-block-column-is-layout-flow\" style=\"flex-basis:28%\">\n<figure class=\"wp-block-image size-large has-custom-border\"><img loading=\"lazy\" decoding=\"async\" width=\"1024\" height=\"791\" src=\"https:\/\/www.anglarnasservice.se\/wp-content\/uploads\/2026\/02\/xl-1-1024x791.jpeg\" alt=\"\" class=\"wp-image-306\" style=\"border-top-left-radius:8px;border-top-right-radius:8px;border-bottom-left-radius:8px;border-bottom-right-radius:8px;aspect-ratio:4\/3;object-fit:cover\" srcset=\"https:\/\/www.anglarnasservice.se\/wp-content\/uploads\/2026\/02\/xl-1-1024x791.jpeg 1024w, https:\/\/www.anglarnasservice.se\/wp-content\/uploads\/2026\/02\/xl-1-300x232.jpeg 300w, https:\/\/www.anglarnasservice.se\/wp-content\/uploads\/2026\/02\/xl-1.jpeg 1400w\" sizes=\"auto, (max-width: 1024px) 100vw, 1024px\" \/><\/figure>\n<\/div>\n\n\n\n<div class=\"wp-block-column is-layout-flow wp-block-column-is-layout-flow\" style=\"flex-basis:72%\">\n<p class=\"has-background\" style=\"background-color:#ffffff00;padding-top:0;padding-right:0;padding-bottom:0;padding-left:0\">Priset p\u00e5 v\u00e5r takv\u00e5rdsbehandling beror p\u00e5 flera faktorer, fr\u00e4mst tak storlek och hur mycket p\u00e5v\u00e4xt det \u00e4r p\u00e5 taket. Om det \u00e4r v\u00e4ldigt lite p\u00e5v\u00e4xt som beh\u00f6ver skrapas bort manuellt kan det r\u00e4cka med en kem behandling, medan om det \u00e4r mycket p\u00e5v\u00e4xt som kr\u00e4ver att vi mekaniskt skrapar bort den gr\u00f6vsta p\u00e5v\u00e4xten innan vi l\u00e4gger p\u00e5 v\u00e5r kem behandling, samt att vi st\u00e4dar alltid efter oss mossan och sedan tar det med oss till \u00e5tervinningstation. Vi anv\u00e4nder alltid det mest skonsammaste produkter och utf\u00f6rande, till exempel s\u00e5 anv\u00e4nder vi inte utav oss n\u00e5gra h\u00f6gtryck. Vi kontrollerar alltid hur tr\u00e4balkarna ser ut, s\u00e5 kallad besiktar takets m\u00e5ende. D\u00e4rav bed\u00f6mer vi vad priset blir f\u00f6r behandlingen av ert tak.<br><\/p>\n<\/div>\n<\/div>\n\n\n\n<div class=\"forminator-guttenberg\"><div class=\"forminator-ui forminator-custom-form forminator-custom-form-241 forminator-design--bold  forminator_ajax\" data-forminator-render=\"0\" data-form=\"forminator-module-241\" data-uid=\"69e371a7c1cee\"><br\/><\/div><form\n\t\t\t\tid=\"forminator-module-241\"\n\t\t\t\tclass=\"forminator-ui forminator-custom-form forminator-custom-form-241 forminator-design--bold  forminator_ajax\"\n\t\t\t\tmethod=\"post\"\n\t\t\t\tdata-forminator-render=\"0\"\n\t\t\t\tdata-form-id=\"241\"\n\t\t\t\t data-color-option=\"theme\" data-design=\"bold\" data-grid=\"open\" style=\"display: none;\"\n\t\t\t\tdata-uid=\"69e371a7c1cee\"\n\t\t\t><div role=\"alert\" aria-live=\"polite\" class=\"forminator-response-message forminator-error\" aria-hidden=\"true\"><\/div><div class=\"forminator-row\"><div id=\"name-1\" class=\"forminator-field-name forminator-col forminator-col-12 \"><div class=\"forminator-field\"><label for=\"forminator-field-name-1_69e371a7c1cee\" id=\"forminator-field-name-1_69e371a7c1cee-label\" class=\"forminator-label\">F\u00f6rnamn Efternamn <span class=\"forminator-required\">*<\/span><\/label><input type=\"text\" name=\"name-1\" value=\"\" placeholder=\"\" id=\"forminator-field-name-1_69e371a7c1cee\" class=\"forminator-input forminator-name--field\" aria-required=\"true\" autocomplete=\"name\" \/><\/div><\/div><\/div><div class=\"forminator-row\"><div id=\"email-1\" class=\"forminator-field-email forminator-col forminator-col-12 \"><div class=\"forminator-field\"><label for=\"forminator-field-email-1_69e371a7c1cee\" id=\"forminator-field-email-1_69e371a7c1cee-label\" class=\"forminator-label\">E-postadress <span class=\"forminator-required\">*<\/span><\/label><input type=\"email\" name=\"email-1\" value=\"\" placeholder=\"\" id=\"forminator-field-email-1_69e371a7c1cee\" class=\"forminator-input forminator-email--field\" data-required=\"1\" aria-required=\"true\" autocomplete=\"email\" \/><\/div><\/div><\/div><div class=\"forminator-row\"><div id=\"phone-1\" class=\"forminator-field-phone forminator-col forminator-col-12 \"><div class=\"forminator-field\"><label for=\"forminator-field-phone-1_69e371a7c1cee\" id=\"forminator-field-phone-1_69e371a7c1cee-label\" class=\"forminator-label\">Telefon<\/label><input type=\"text\" name=\"phone-1\" value=\"\" placeholder=\"\" id=\"forminator-field-phone-1_69e371a7c1cee\" class=\"forminator-input forminator-field--phone\" data-required=\"\" aria-required=\"false\" autocomplete=\"off\" \/><\/div><\/div><\/div><div class=\"forminator-row\"><div id=\"address-1\" class=\"forminator-field-address forminator-col forminator-col-12 \"><div class=\"forminator-row\"><div id=\"address-1-street_address\" class=\"forminator-col\"><div class=\"forminator-field\"><label for=\"forminator-field-address-1-street_address_69e371a7c1cee\" id=\"forminator-field-address-1-street_address_69e371a7c1cee-label\" class=\"forminator-label\">Adress <span class=\"forminator-required\">*<\/span><\/label><input type=\"text\" name=\"address-1-street_address\" placeholder=\"\" id=\"forminator-field-address-1-street_address_69e371a7c1cee\" class=\"forminator-input\" data-required=\"1\" aria-required=\"true\" autocomplete=\"address-line1\" value=\"\" \/><\/div><\/div><\/div><div class=\"forminator-row\" data-multiple=\"false\"><div id=\"address-1-city\" class=\"forminator-col forminator-col-12\"><div class=\"forminator-field\"><label for=\"forminator-field-address-1-city_69e371a7c1cee\" id=\"forminator-field-address-1-city_69e371a7c1cee-label\" class=\"forminator-label\">Stad<\/label><input type=\"text\" name=\"address-1-city\" placeholder=\"\" id=\"forminator-field-address-1-city_69e371a7c1cee\" class=\"forminator-input\" data-required=\"\" aria-required=\"false\" autocomplete=\"address-level2\" value=\"\" \/><\/div><\/div><\/div><div class=\"forminator-row\" data-multiple=\"false\"><div id=\"address-1-zip\" class=\"forminator-col forminator-col-12\"><div class=\"forminator-field\"><label for=\"forminator-field-address-1-zip_69e371a7c1cee\" id=\"forminator-field-address-1-zip_69e371a7c1cee-label\" class=\"forminator-label\">Postnummer<\/label><input type=\"text\" name=\"address-1-zip\" placeholder=\"\" id=\"forminator-field-address-1-zip_69e371a7c1cee\" class=\"forminator-input\" autocomplete=\"postal-code\" value=\"\" \/><\/div><\/div><\/div><\/div><\/div><div class=\"forminator-row\"><div id=\"textarea-1\" class=\"forminator-field-textarea forminator-col forminator-col-12 \"><div class=\"forminator-field\"><label for=\"forminator-field-textarea-1_69e371a7c1cee\" id=\"forminator-field-textarea-1_69e371a7c1cee-label\" class=\"forminator-label\">Meddelande <span class=\"forminator-required\">*<\/span><\/label><textarea name=\"textarea-1\" placeholder=\"\" id=\"forminator-field-textarea-1_69e371a7c1cee\" class=\"forminator-textarea\" rows=\"6\" style=\"min-height:140px;\" ><\/textarea><\/div><\/div><\/div><div class=\"forminator-row\"><div id=\"select-1\" class=\"forminator-field-select forminator-col forminator-col-12 \"><div class=\"forminator-field\"><label for=\"forminator-form-241__field--select-1_69e371a7c1cee\" id=\"forminator-form-241__field--select-1_69e371a7c1cee-label\" class=\"forminator-label\">Typ av tak <span class=\"forminator-required\">*<\/span><\/label><select  id=\"forminator-form-241__field--select-1_69e371a7c1cee\" class=\"forminator-select--field forminator-select2 forminator-select2-multiple\" data-required=\"1\" name=\"select-1\" data-default-value=\"\" data-hidden-behavior=\"zero\" data-placeholder=\"Typ av tak\" data-search=\"false\" data-search-placeholder=\"Typ av tak\" data-checkbox=\"false\" data-allow-clear=\"false\" aria-labelledby=\"forminator-form-241__field--select-1_69e371a7c1cee-label\"><option value=\"\"  >Typ av tak<\/option><option value=\"one\"  data-calculation=\"0\">Betongpannor<\/option><option value=\"two\"  data-calculation=\"0\">Lertegel<\/option><option value=\"Pl\u00e5ttak\"  data-calculation=\"0\">Pl\u00e5ttak<\/option><option value=\"\u00d6vrig\"  data-calculation=\"0\">\u00d6vrigt<\/option><\/select><\/div><\/div><\/div><div class=\"forminator-row\"><div id=\"select-2\" class=\"forminator-field-select forminator-col forminator-col-12 \"><div class=\"forminator-field\"><label for=\"forminator-form-241__field--select-2_69e371a7c1cee\" id=\"forminator-form-241__field--select-2_69e371a7c1cee-label\" class=\"forminator-label\">Fastighet <span class=\"forminator-required\">*<\/span><\/label><select  id=\"forminator-form-241__field--select-2_69e371a7c1cee\" class=\"forminator-select--field forminator-select2 forminator-select2-multiple\" data-required=\"1\" name=\"select-2\" data-default-value=\"\" data-hidden-behavior=\"zero\" data-placeholder=\"Fastighet\" data-search=\"false\" data-search-placeholder=\"Fastighet\" data-checkbox=\"false\" data-allow-clear=\"false\" aria-labelledby=\"forminator-form-241__field--select-2_69e371a7c1cee-label\"><option value=\"\"  >Fastighet<\/option><option value=\"one\"  data-calculation=\"0\">Villa<\/option><option value=\"two\"  data-calculation=\"0\">Bostadsr\u00e4ttsf\u00f6rening<\/option><option value=\"Hyreshus\"  data-calculation=\"0\">Hyreshus<\/option><option value=\"\u00d6vrigt\"  data-calculation=\"0\">\u00d6vrigt<\/option><\/select><\/div><\/div><\/div><div class=\"forminator-row\"><div id=\"select-3\" class=\"forminator-field-select forminator-col forminator-col-12 \"><div class=\"forminator-field\"><label for=\"forminator-form-241__field--select-3_69e371a7c1cee\" id=\"forminator-form-241__field--select-3_69e371a7c1cee-label\" class=\"forminator-label\">Hur gammalt \u00e4r ditt tak?<\/label><select  id=\"forminator-form-241__field--select-3_69e371a7c1cee\" class=\"forminator-select--field forminator-select2 forminator-select2-multiple\" data-required=\"\" name=\"select-3\" data-default-value=\"\" data-hidden-behavior=\"zero\" data-placeholder=\"Hur gammalt \u00e4r ditt tak?\" data-search=\"false\" data-search-placeholder=\"Hur gammalt \u00e4r ditt tak?\" data-checkbox=\"false\" data-allow-clear=\"false\" aria-labelledby=\"forminator-form-241__field--select-3_69e371a7c1cee-label\"><option value=\"\"  >Hur gammalt \u00e4r ditt tak?<\/option><option value=\"one\"  data-calculation=\"0\">\u00c4ldre \u00e4n 1950<\/option><option value=\"two\"  data-calculation=\"0\">1950-1959<\/option><option value=\"1969-1969\"  data-calculation=\"0\">1969-1969<\/option><option value=\"1970-1979\"  data-calculation=\"0\">1970-1979<\/option><option value=\"1980-1989\"  data-calculation=\"0\">1980-1989<\/option><option value=\"1990-1999\"  data-calculation=\"0\">1990-1999<\/option><option value=\"2000-2009\"  data-calculation=\"0\">2000-2009<\/option><option value=\"20010-2019\"  data-calculation=\"0\">20010-2019<\/option><option value=\"2020-och-fram\u00e5t\"  data-calculation=\"0\">2020 och fram\u00e5t<\/option><\/select><\/div><\/div><\/div><input type=\"hidden\" name=\"referer_url\" value=\"\" \/><div class=\"forminator-row forminator-row-last\"><div class=\"forminator-col\"><div class=\"forminator-field\"><button class=\"forminator-button forminator-button-submit\">Skicka<\/button><\/div><\/div><\/div><input type=\"hidden\" id=\"forminator_nonce\" name=\"forminator_nonce\" value=\"6596664239\" \/><input type=\"hidden\" name=\"_wp_http_referer\" value=\"\/index.php?rest_route=%2Fwp%2Fv2%2Fpages%2F338\" \/><input type=\"hidden\" name=\"form_id\" value=\"241\"><input type=\"hidden\" name=\"page_id\" value=\"338\"><input type=\"hidden\" name=\"form_type\" value=\"default\"><input type=\"hidden\" name=\"current_url\" value=\"https:\/\/www.anglarnasservice.se\/?page_id=338\"><input type=\"hidden\" name=\"render_id\" value=\"0\"><input type=\"hidden\" name=\"action\" value=\"forminator_submit_form_custom-forms\"><\/form><\/div>\n","protected":false},"excerpt":{"rendered":"<p>Priset p\u00e5 v\u00e5r takv\u00e5rdsbehandling beror p\u00e5 flera faktorer, fr\u00e4mst tak storlek och hur mycket p\u00e5v\u00e4xt det \u00e4r p\u00e5 taket. Om det \u00e4r v\u00e4ldigt lite p\u00e5v\u00e4xt som beh\u00f6ver skrapas bort manuellt kan det r\u00e4cka med en kem behandling, medan om det \u00e4r mycket p\u00e5v\u00e4xt som kr\u00e4ver att vi mekaniskt skrapar bort den gr\u00f6vsta p\u00e5v\u00e4xten innan vi &hellip; <\/p>\n<p class=\"link-more\"><a href=\"https:\/\/www.anglarnasservice.se\/?page_id=338\" class=\"more-link\"><span class=\"screen-reader-text\"> &#8220;Takv\u00e5rd&#8221;<\/span>devam\u0131n\u0131 oku<\/a><\/p>\n","protected":false},"author":1,"featured_media":0,"parent":0,"menu_order":0,"comment_status":"closed","ping_status":"closed","template":"","meta":{"inspiro_hide_title":false,"footnotes":""},"class_list":["post-338","page","type-page","status-publish","hentry"],"_links":{"self":[{"href":"https:\/\/www.anglarnasservice.se\/index.php?rest_route=\/wp\/v2\/pages\/338","targetHints":{"allow":["GET"]}}],"collection":[{"href":"https:\/\/www.anglarnasservice.se\/index.php?rest_route=\/wp\/v2\/pages"}],"about":[{"href":"https:\/\/www.anglarnasservice.se\/index.php?rest_route=\/wp\/v2\/types\/page"}],"author":[{"embeddable":true,"href":"https:\/\/www.anglarnasservice.se\/index.php?rest_route=\/wp\/v2\/users\/1"}],"replies":[{"embeddable":true,"href":"https:\/\/www.anglarnasservice.se\/index.php?rest_route=%2Fwp%2Fv2%2Fcomments&post=338"}],"version-history":[{"count":6,"href":"https:\/\/www.anglarnasservice.se\/index.php?rest_route=\/wp\/v2\/pages\/338\/revisions"}],"predecessor-version":[{"id":379,"href":"https:\/\/www.anglarnasservice.se\/index.php?rest_route=\/wp\/v2\/pages\/338\/revisions\/379"}],"wp:attachment":[{"href":"https:\/\/www.anglarnasservice.se\/index.php?rest_route=%2Fwp%2Fv2%2Fmedia&parent=338"}],"curies":[{"name":"wp","href":"https:\/\/api.w.org\/{rel}","templated":true}]}}