{"id":348,"date":"2026-02-21T19:04:45","date_gmt":"2026-02-21T16:04:45","guid":{"rendered":"https:\/\/www.anglarnasservice.se\/?page_id=348"},"modified":"2026-02-21T19:23:37","modified_gmt":"2026-02-21T16:23:37","slug":"tradgardsarbete-2","status":"publish","type":"page","link":"https:\/\/www.anglarnasservice.se\/?page_id=348","title":{"rendered":"Tr\u00e4dg\u00e5rdsarbete"},"content":{"rendered":"\n<div class=\"wp-block-columns is-layout-flex wp-container-core-columns-is-layout-28f84493 wp-block-columns-is-layout-flex\">\n<div class=\"wp-block-column is-layout-flow wp-block-column-is-layout-flow\" style=\"flex-basis:28%\">\n<figure class=\"wp-block-image size-full has-custom-border\"><img loading=\"lazy\" decoding=\"async\" width=\"561\" height=\"440\" src=\"https:\/\/www.anglarnasservice.se\/wp-content\/uploads\/2026\/02\/Tradgardsarbete.jpg\" alt=\"\" class=\"wp-image-349\" style=\"border-top-left-radius:8px;border-top-right-radius:8px;border-bottom-left-radius:8px;border-bottom-right-radius:8px;aspect-ratio:4\/3;object-fit:cover\" srcset=\"https:\/\/www.anglarnasservice.se\/wp-content\/uploads\/2026\/02\/Tradgardsarbete.jpg 561w, https:\/\/www.anglarnasservice.se\/wp-content\/uploads\/2026\/02\/Tradgardsarbete-300x235.jpg 300w\" sizes=\"auto, (max-width: 561px) 100vw, 561px\" \/><\/figure>\n<\/div>\n\n\n\n<div class=\"wp-block-column is-layout-flow wp-block-column-is-layout-flow\" style=\"flex-basis:72%\">\n<p>Pris<br>Tj\u00e4nsterna kan du boka som enstaka uppdrag eller regelbunden tj\u00e4nst.<br>Pris f\u00f6r enklare tr\u00e4dg\u00e5rdsarbete: 600 kr per person och timme inkl. moms 300 kr\/tim efter skattereduktion.<br><br>Eventuell serviceavgift tillkommer beroende p\u00e5 uppdrag.<br><br>Tr\u00e4dg\u00e5rdsarbetet<br>Vi klipper gr\u00e4s, buskar, krattar grusg\u00e5ngen eller h\u00f6stl\u00f6ven. Vi rensar ogr\u00e4s, klipper tr\u00e4d och planterar. V\u00e5rst\u00e4dning eller h\u00f6str\u00f6jning, allt kr\u00e4ver tid och kunskap. Vi har m\u00e5nga erfarna och tr\u00e4dg\u00e5rds kunniga peronalen.<br><br>Busk, gr\u00e4sklippning, krattning och ogr\u00e4srensning \u00e4r tj\u00e4nster som du f\u00e5r skattereduktion f\u00f6r. Tr\u00e4dbesk\u00e4rning och planteringsarbeten medger inte skattereduktion.<br><br>Vi har den perenna hj\u00e4lpen<br>L\u00e5t inte tr\u00e4dg\u00e5rden bli till ett arbetsamt m\u00e5ste. \u00c4nglarnas Service g\u00e5r utanf\u00f6r knutarna och hj\u00e4lper dig med din tr\u00e4dg\u00e5rd \u2013 under alla \u00e5rstider. Vi rensar rabatter, klipper gr\u00e4set, ansar buskar, r\u00e4fsar l\u00f6v och skottar sn\u00f6. Bland annat. Du beh\u00f6ver inte st\u00e5 f\u00f6r n\u00e5gra redskap. Vi tar med oss allt som beh\u00f6vs, inklusive gr\u00e4sklippare. Och vill du s\u00e5 tar vi med skr\u00e4pet \u2013 till exempel grenar och l\u00f6v \u2013 n\u00e4r vi \u00e4r klara.<br><br>Du kan \u00e4ven anlita oss f\u00f6r tr\u00e4dg\u00e5rdsarbete under kortare perioder. Visst vore det sk\u00f6nt att slippa t\u00e4nka p\u00e5 gr\u00e4smattan n\u00e4r du ligger p\u00e5 playan?<\/p>\n<\/div>\n<\/div>\n\n\n\n<div class=\"forminator-guttenberg\"><div class=\"forminator-ui forminator-custom-form forminator-custom-form-111 forminator-design--default  forminator_ajax\" data-forminator-render=\"0\" data-form=\"forminator-module-111\" data-uid=\"69e601c514b08\"><br\/><\/div><form\n\t\t\t\tid=\"forminator-module-111\"\n\t\t\t\tclass=\"forminator-ui forminator-custom-form forminator-custom-form-111 forminator-design--default  forminator_ajax\"\n\t\t\t\tmethod=\"post\"\n\t\t\t\tdata-forminator-render=\"0\"\n\t\t\t\tdata-form-id=\"111\"\n\t\t\t\t data-color-option=\"theme\" data-design=\"default\" data-grid=\"open\" style=\"display: none;\"\n\t\t\t\tdata-uid=\"69e601c514b08\"\n\t\t\t><div role=\"alert\" aria-live=\"polite\" class=\"forminator-response-message forminator-error\" aria-hidden=\"true\"><\/div><div class=\"forminator-row\"><div id=\"name-1\" class=\"forminator-field-name forminator-col forminator-col-12 \"><div class=\"forminator-field\"><label for=\"forminator-field-name-1_69e601c514b08\" id=\"forminator-field-name-1_69e601c514b08-label\" class=\"forminator-label\">Namn <span class=\"forminator-required\">*<\/span><\/label><input type=\"text\" name=\"name-1\" value=\"\" placeholder=\"\" id=\"forminator-field-name-1_69e601c514b08\" class=\"forminator-input forminator-name--field\" aria-required=\"true\" autocomplete=\"name\" \/><\/div><\/div><\/div><div class=\"forminator-row\"><div id=\"address-1\" class=\"forminator-field-address forminator-col forminator-col-12 \"><div class=\"forminator-row\"><div id=\"address-1-street_address\" class=\"forminator-col\"><div class=\"forminator-field\"><label for=\"forminator-field-address-1-street_address_69e601c514b08\" id=\"forminator-field-address-1-street_address_69e601c514b08-label\" class=\"forminator-label\">Adress<\/label><input type=\"text\" name=\"address-1-street_address\" placeholder=\"\" id=\"forminator-field-address-1-street_address_69e601c514b08\" class=\"forminator-input\" data-required=\"\" aria-required=\"false\" autocomplete=\"address-line1\" value=\"\" \/><\/div><\/div><\/div><div class=\"forminator-row\" data-multiple=\"false\"><div id=\"address-1-city\" class=\"forminator-col forminator-col-12\"><div class=\"forminator-field\"><label for=\"forminator-field-address-1-city_69e601c514b08\" id=\"forminator-field-address-1-city_69e601c514b08-label\" class=\"forminator-label\">Stad<\/label><input type=\"text\" name=\"address-1-city\" placeholder=\"\" id=\"forminator-field-address-1-city_69e601c514b08\" class=\"forminator-input\" data-required=\"\" aria-required=\"false\" autocomplete=\"address-level2\" value=\"\" \/><\/div><\/div><\/div><div class=\"forminator-row\" data-multiple=\"false\"><div id=\"address-1-zip\" class=\"forminator-col forminator-col-12\"><div class=\"forminator-field\"><label for=\"forminator-field-address-1-zip_69e601c514b08\" id=\"forminator-field-address-1-zip_69e601c514b08-label\" class=\"forminator-label\">Postnummer<\/label><input type=\"text\" name=\"address-1-zip\" placeholder=\"\" id=\"forminator-field-address-1-zip_69e601c514b08\" class=\"forminator-input\" autocomplete=\"postal-code\" value=\"\" \/><\/div><\/div><\/div><\/div><\/div><div class=\"forminator-row\"><div id=\"email-1\" class=\"forminator-field-email forminator-col forminator-col-12 \"><div class=\"forminator-field\"><label for=\"forminator-field-email-1_69e601c514b08\" id=\"forminator-field-email-1_69e601c514b08-label\" class=\"forminator-label\">E-postadress <span class=\"forminator-required\">*<\/span><\/label><input type=\"email\" name=\"email-1\" value=\"\" placeholder=\"\" id=\"forminator-field-email-1_69e601c514b08\" class=\"forminator-input forminator-email--field\" data-required=\"true\" aria-required=\"true\" autocomplete=\"email\" \/><\/div><\/div><\/div><div class=\"forminator-row\"><div id=\"phone-1\" class=\"forminator-field-phone forminator-col forminator-col-12 \"><div class=\"forminator-field\"><label for=\"forminator-field-phone-1_69e601c514b08\" id=\"forminator-field-phone-1_69e601c514b08-label\" class=\"forminator-label\">Telefonnummer <span class=\"forminator-required\">*<\/span><\/label><input type=\"text\" name=\"phone-1\" value=\"\" placeholder=\"\" id=\"forminator-field-phone-1_69e601c514b08\" class=\"forminator-input forminator-field--phone\" data-required=\"1\" aria-required=\"true\" autocomplete=\"off\" \/><\/div><\/div><\/div><div class=\"forminator-row\"><div id=\"textarea-1\" class=\"forminator-field-textarea forminator-col forminator-col-12 \"><div class=\"forminator-field\"><label for=\"forminator-field-textarea-1_69e601c514b08\" id=\"forminator-field-textarea-1_69e601c514b08-label\" class=\"forminator-label\">Meddelande <span class=\"forminator-required\">*<\/span><\/label><span id=\"forminator-field-textarea-1_69e601c514b08-description\" class=\"forminator-description\"><span data-limit=\"257\" data-type=\"characters\" data-editor=\"\">0 \/ 257<\/span><\/span><textarea name=\"textarea-1\" placeholder=\"\" id=\"forminator-field-textarea-1_69e601c514b08\" class=\"forminator-textarea\" rows=\"6\" style=\"min-height:140px;\" maxlength=\"257\" ><\/textarea><\/div><\/div><\/div><input type=\"hidden\" name=\"referer_url\" value=\"\" \/><div class=\"forminator-row forminator-row-last\"><div class=\"forminator-col\"><div class=\"forminator-field\"><button class=\"forminator-button forminator-button-submit\">Skicka<\/button><\/div><\/div><\/div><input type=\"hidden\" id=\"forminator_nonce\" name=\"forminator_nonce\" value=\"56afd995c3\" \/><input type=\"hidden\" name=\"_wp_http_referer\" value=\"\/index.php?rest_route=%2Fwp%2Fv2%2Fpages%2F348\" \/><input type=\"hidden\" name=\"form_id\" value=\"111\"><input type=\"hidden\" name=\"page_id\" value=\"348\"><input type=\"hidden\" name=\"form_type\" value=\"default\"><input type=\"hidden\" name=\"current_url\" value=\"https:\/\/www.anglarnasservice.se\/?page_id=348\"><input type=\"hidden\" name=\"render_id\" value=\"0\"><input type=\"hidden\" name=\"action\" value=\"forminator_submit_form_custom-forms\"><\/form><\/div>\n","protected":false},"excerpt":{"rendered":"<p>PrisTj\u00e4nsterna kan du boka som enstaka uppdrag eller regelbunden tj\u00e4nst.Pris f\u00f6r enklare tr\u00e4dg\u00e5rdsarbete: 600 kr per person och timme inkl. moms 300 kr\/tim efter skattereduktion. Eventuell serviceavgift tillkommer beroende p\u00e5 uppdrag. Tr\u00e4dg\u00e5rdsarbetetVi klipper gr\u00e4s, buskar, krattar grusg\u00e5ngen eller h\u00f6stl\u00f6ven. Vi rensar ogr\u00e4s, klipper tr\u00e4d och planterar. V\u00e5rst\u00e4dning eller h\u00f6str\u00f6jning, allt kr\u00e4ver tid och kunskap. Vi &hellip; <\/p>\n<p class=\"link-more\"><a href=\"https:\/\/www.anglarnasservice.se\/?page_id=348\" class=\"more-link\"><span class=\"screen-reader-text\"> &#8220;Tr\u00e4dg\u00e5rdsarbete&#8221;<\/span>devam\u0131n\u0131 oku<\/a><\/p>\n","protected":false},"author":1,"featured_media":0,"parent":0,"menu_order":0,"comment_status":"closed","ping_status":"closed","template":"","meta":{"inspiro_hide_title":false,"footnotes":""},"class_list":["post-348","page","type-page","status-publish","hentry"],"_links":{"self":[{"href":"https:\/\/www.anglarnasservice.se\/index.php?rest_route=\/wp\/v2\/pages\/348","targetHints":{"allow":["GET"]}}],"collection":[{"href":"https:\/\/www.anglarnasservice.se\/index.php?rest_route=\/wp\/v2\/pages"}],"about":[{"href":"https:\/\/www.anglarnasservice.se\/index.php?rest_route=\/wp\/v2\/types\/page"}],"author":[{"embeddable":true,"href":"https:\/\/www.anglarnasservice.se\/index.php?rest_route=\/wp\/v2\/users\/1"}],"replies":[{"embeddable":true,"href":"https:\/\/www.anglarnasservice.se\/index.php?rest_route=%2Fwp%2Fv2%2Fcomments&post=348"}],"version-history":[{"count":4,"href":"https:\/\/www.anglarnasservice.se\/index.php?rest_route=\/wp\/v2\/pages\/348\/revisions"}],"predecessor-version":[{"id":382,"href":"https:\/\/www.anglarnasservice.se\/index.php?rest_route=\/wp\/v2\/pages\/348\/revisions\/382"}],"wp:attachment":[{"href":"https:\/\/www.anglarnasservice.se\/index.php?rest_route=%2Fwp%2Fv2%2Fmedia&parent=348"}],"curies":[{"name":"wp","href":"https:\/\/api.w.org\/{rel}","templated":true}]}}