{"id":8,"date":"2026-01-25T00:33:55","date_gmt":"2026-01-24T21:33:55","guid":{"rendered":"https:\/\/www.anglarnasservice.se\/?page_id=8"},"modified":"2026-02-26T19:05:02","modified_gmt":"2026-02-26T16:05:02","slug":"homepage","status":"publish","type":"page","link":"https:\/\/www.anglarnasservice.se\/","title":{"rendered":"Homepage"},"content":{"rendered":"\n<div class=\"wp-block-cover alignfull is-light\" style=\"min-height:100vh;aspect-ratio:unset;\"><img loading=\"lazy\" decoding=\"async\" width=\"2000\" height=\"1201\" class=\"wp-block-cover__image-background wp-image-323 size-full\" alt=\"\" src=\"https:\/\/www.anglarnasservice.se\/wp-content\/uploads\/2026\/02\/cropped-cropped-image-2.jpg\" data-object-fit=\"cover\" srcset=\"https:\/\/www.anglarnasservice.se\/wp-content\/uploads\/2026\/02\/cropped-cropped-image-2.jpg 2000w, https:\/\/www.anglarnasservice.se\/wp-content\/uploads\/2026\/02\/cropped-cropped-image-2-300x180.jpg 300w, https:\/\/www.anglarnasservice.se\/wp-content\/uploads\/2026\/02\/cropped-cropped-image-2-1024x615.jpg 1024w\" sizes=\"auto, (max-width: 2000px) 100vw, 2000px\" \/><span aria-hidden=\"true\" class=\"wp-block-cover__background has-background-dim-20 has-background-dim\" style=\"background-color:#8d9087\"><\/span><div class=\"wp-block-cover__inner-container has-global-padding is-layout-constrained wp-block-cover-is-layout-constrained\">\n<p class=\"has-text-align-center has-white-color has-text-color has-background has-max-60-font-size\" style=\"background-color:#ffffff00;font-style:normal;font-weight:900;line-height:1.2\"><\/p>\n\n\n\n<p class=\"has-text-align-center has-primary-color has-text-color has-medium-font-size\" style=\"border-style:none;border-width:0px;border-top-left-radius:0px;border-top-right-radius:0px;border-bottom-left-radius:0px;border-bottom-right-radius:0px;padding-top:0;padding-right:0;padding-bottom:0;padding-left:0;font-style:normal;font-weight:400\"><br><\/p>\n\n\n\n<p class=\"has-text-align-center has-white-color has-text-color has-large-font-size\"><\/p>\n\n\n\n<div style=\"height:55px\" aria-hidden=\"true\" class=\"wp-block-spacer\"><\/div>\n<\/div><\/div>\n\n\n\n<div class=\"wp-block-group has-global-padding is-layout-constrained wp-block-group-is-layout-constrained\">\n<div style=\"height:57px\" aria-hidden=\"true\" class=\"wp-block-spacer\"><\/div>\n\n\n\n<h2 class=\"wp-block-heading has-text-align-center has-medium-font-size\" style=\"letter-spacing:1px\">\u00c4nglarnas Service<\/h2>\n\n\n\n<p class=\"has-text-align-center\">\u00c4nglarnas Service<br>\u00c4nglarnas Service \u00e4r ett snabbt v\u00e4xande f\u00f6retag. Vi befinner oss i Kalmar, men vi verkar \u00f6ver hela Sm\u00e5land, fr\u00e5n V\u00e4stervik till Tors\u00e5s! Om du s\u00f6ker en professionell Tak &amp; Fasad v\u00e5rd med h\u00f6g kvalitetsniv\u00e5 och skonsamt metod har du kommit r\u00e4tt. Ring g\u00e4rna 079-202 31 28, s\u00e5 kan vi ta fram en offert till er kostnadsfritt!<\/p>\n\n\n\n<div class=\"wp-block-buttons is-horizontal is-content-justification-center is-layout-flex wp-container-core-buttons-is-layout-03627597 wp-block-buttons-is-layout-flex\">\n<div class=\"wp-block-button is-style-outline is-style-outline--1\"><a class=\"wp-block-button__link has-background has-medium-font-size has-custom-font-size wp-element-button\" href=\"https:\/\/www.anglarnasservice.se\/?page_id=84\u2197\" style=\"border-radius:0px;background-color:#ffffff00\">OM OSS<\/a><\/div>\n<\/div>\n\n\n\n<div style=\"height:57px\" aria-hidden=\"true\" class=\"wp-block-spacer\"><\/div>\n<\/div>\n\n\n\n<div id=\"team\" class=\"wp-block-group has-global-padding is-layout-constrained wp-block-group-is-layout-constrained\">\n<div class=\"wp-block-group is-layout-flow wp-block-group-is-layout-flow\">\n<p class=\"has-secondary-color has-text-color has-link-color wp-elements-9ab710cf8c468622e0769e4dc7d6d8ac\"><\/p>\n\n\n\n<h2 class=\"wp-block-heading\">V\u00e5ra jobb<\/h2>\n\n\n\n<div style=\"height:27px\" aria-hidden=\"true\" class=\"wp-block-spacer\"><\/div>\n\n\n\n<div style=\"height:0px\" aria-hidden=\"true\" class=\"wp-block-spacer\"><\/div>\n\n\n\n<div class=\"wp-block-columns is-layout-flex wp-container-core-columns-is-layout-28f84493 wp-block-columns-is-layout-flex\">\n<div class=\"wp-block-column is-style-default is-layout-flow wp-block-column-is-layout-flow\" style=\"border-style:none;border-width:0px;padding-top:0;padding-right:0;padding-bottom:0;padding-left:0\">\n<figure class=\"wp-block-image size-full is-style-default\"><img loading=\"lazy\" decoding=\"async\" width=\"600\" height=\"400\" src=\"https:\/\/www.anglarnasservice.se\/wp-content\/uploads\/2026\/01\/2-2-2.png\" alt=\"\" class=\"wp-image-59\" style=\"aspect-ratio:1;object-fit:cover\" srcset=\"https:\/\/www.anglarnasservice.se\/wp-content\/uploads\/2026\/01\/2-2-2.png 600w, https:\/\/www.anglarnasservice.se\/wp-content\/uploads\/2026\/01\/2-2-2-300x200.png 300w\" sizes=\"auto, (max-width: 600px) 100vw, 600px\" \/><\/figure>\n\n\n\n<h3 class=\"wp-block-heading\">Takreng\u00f6ring och Mossborttagning.<\/h3>\n\n\n\n<p class=\"has-tertiary-color has-text-color has-link-color wp-elements-33e37b782feb13ad934aaf522c7267ba\"><\/p>\n\n\n\n<p>H\u00e4r p\u00e5 \u00c4nglarnas Service erbjuder vi ett komplett utbud av utv\u00e4ndiga reng\u00f6ringstj\u00e4nster till b\u00e5de privatpersoner och f\u00f6retag. Vi ser till att ta hand om ert tak, vi \u00e4r ett professionellt och erfaret f\u00f6retag f\u00f6r utv\u00e4ndig reng\u00f6ring.<\/p>\n<\/div>\n\n\n\n<div class=\"wp-block-column is-style-default is-layout-flow wp-block-column-is-layout-flow\" style=\"border-style:none;border-width:0px;padding-top:0;padding-right:0;padding-bottom:0;padding-left:0\">\n<figure class=\"wp-block-image size-full\"><img loading=\"lazy\" decoding=\"async\" width=\"600\" height=\"400\" src=\"https:\/\/www.anglarnasservice.se\/wp-content\/uploads\/2026\/01\/1-2.png\" alt=\"\" class=\"wp-image-60\" style=\"aspect-ratio:1;object-fit:cover\" srcset=\"https:\/\/www.anglarnasservice.se\/wp-content\/uploads\/2026\/01\/1-2.png 600w, https:\/\/www.anglarnasservice.se\/wp-content\/uploads\/2026\/01\/1-2-300x200.png 300w\" sizes=\"auto, (max-width: 600px) 100vw, 600px\" \/><\/figure>\n\n\n\n<h3 class=\"wp-block-heading\">Fasadtv\u00e4tt &amp; Fasadv\u00e5rd<\/h3>\n\n\n\n<p class=\"has-tertiary-color has-text-color has-link-color wp-elements-33e37b782feb13ad934aaf522c7267ba\"><\/p>\n\n\n\n<p class=\"has-text-align-left\">Vi erbjuder omfattande fasadv\u00e5rd i hela Sm\u00e5land som f\u00f6rl\u00e4nger din byggnads livsl\u00e4ngd och bevarar dess v\u00e4rde. Kostnadseffektiv investering F\u00f6rebyggande underh\u00e5ll som sparar pengar p\u00e5 l\u00e5ng sikt och bevarar fastighetsv\u00e4rdet.<\/p>\n<\/div>\n\n\n\n<div class=\"wp-block-column is-style-default is-layout-flow wp-block-column-is-layout-flow\" style=\"border-style:none;border-width:0px;padding-top:0;padding-right:0;padding-bottom:0;padding-left:0\">\n<figure class=\"wp-block-image size-full\"><img loading=\"lazy\" decoding=\"async\" width=\"600\" height=\"400\" src=\"https:\/\/www.anglarnasservice.se\/wp-content\/uploads\/2026\/01\/3-2.png\" alt=\"\" class=\"wp-image-63\" style=\"aspect-ratio:1;object-fit:cover\" srcset=\"https:\/\/www.anglarnasservice.se\/wp-content\/uploads\/2026\/01\/3-2.png 600w, https:\/\/www.anglarnasservice.se\/wp-content\/uploads\/2026\/01\/3-2-300x200.png 300w\" sizes=\"auto, (max-width: 600px) 100vw, 600px\" \/><\/figure>\n\n\n\n<h3 class=\"wp-block-heading\">Flyttst\u00e4dning<\/h3>\n\n\n\n<p class=\"has-tertiary-color has-text-color has-link-color wp-elements-33e37b782feb13ad934aaf522c7267ba\"><\/p>\n\n\n\n<p>Inte ska du beh\u00f6va ta hand om flyttst\u00e4dningen! Det tr\u00e5kigaste momentet har nu kommit. Flyttst\u00e4dning tar mer \u00e4n g\u00e4rna hand om jobbet \u00e5t dig!<\/p>\n<\/div>\n<\/div>\n\n\n\n<div style=\"height:81px\" aria-hidden=\"true\" class=\"wp-block-spacer\"><\/div>\n\n\n\n<p><\/p>\n<\/div>\n<\/div>\n","protected":false},"excerpt":{"rendered":"<p>\u00c4nglarnas Service \u00c4nglarnas Service\u00c4nglarnas Service \u00e4r ett snabbt v\u00e4xande f\u00f6retag. Vi befinner oss i Kalmar, men vi verkar \u00f6ver hela Sm\u00e5land, fr\u00e5n V\u00e4stervik till Tors\u00e5s! Om du s\u00f6ker en professionell Tak &amp; Fasad v\u00e5rd med h\u00f6g kvalitetsniv\u00e5 och skonsamt metod har du kommit r\u00e4tt. Ring g\u00e4rna 079-202 31 28, s\u00e5 kan vi ta fram en &hellip; <\/p>\n<p class=\"link-more\"><a href=\"https:\/\/www.anglarnasservice.se\/\" class=\"more-link\"><span class=\"screen-reader-text\"> &#8220;Homepage&#8221;<\/span>devam\u0131n\u0131 oku<\/a><\/p>\n","protected":false},"author":1,"featured_media":0,"parent":0,"menu_order":0,"comment_status":"closed","ping_status":"closed","template":"page-templates\/homepage-builder-bb.php","meta":{"inspiro_hide_title":false,"footnotes":""},"class_list":["post-8","page","type-page","status-publish","hentry"],"_links":{"self":[{"href":"https:\/\/www.anglarnasservice.se\/index.php?rest_route=\/wp\/v2\/pages\/8","targetHints":{"allow":["GET"]}}],"collection":[{"href":"https:\/\/www.anglarnasservice.se\/index.php?rest_route=\/wp\/v2\/pages"}],"about":[{"href":"https:\/\/www.anglarnasservice.se\/index.php?rest_route=\/wp\/v2\/types\/page"}],"author":[{"embeddable":true,"href":"https:\/\/www.anglarnasservice.se\/index.php?rest_route=\/wp\/v2\/users\/1"}],"replies":[{"embeddable":true,"href":"https:\/\/www.anglarnasservice.se\/index.php?rest_route=%2Fwp%2Fv2%2Fcomments&post=8"}],"version-history":[{"count":25,"href":"https:\/\/www.anglarnasservice.se\/index.php?rest_route=\/wp\/v2\/pages\/8\/revisions"}],"predecessor-version":[{"id":423,"href":"https:\/\/www.anglarnasservice.se\/index.php?rest_route=\/wp\/v2\/pages\/8\/revisions\/423"}],"wp:attachment":[{"href":"https:\/\/www.anglarnasservice.se\/index.php?rest_route=%2Fwp%2Fv2%2Fmedia&parent=8"}],"curies":[{"name":"wp","href":"https:\/\/api.w.org\/{rel}","templated":true}]}}