{"id":84,"date":"2026-01-27T15:50:37","date_gmt":"2026-01-27T12:50:37","guid":{"rendered":"https:\/\/www.anglarnasservice.se\/?page_id=84"},"modified":"2026-02-25T18:01:30","modified_gmt":"2026-02-25T15:01:30","slug":"om-oss","status":"publish","type":"page","link":"https:\/\/www.anglarnasservice.se\/?page_id=84","title":{"rendered":"Om Oss"},"content":{"rendered":"\n<div class=\"wp-block-columns is-layout-flex wp-container-core-columns-is-layout-28f84493 wp-block-columns-is-layout-flex\">\n<div class=\"wp-block-column is-layout-flow wp-block-column-is-layout-flow\">\n<div class=\"wp-block-columns is-layout-flex wp-container-core-columns-is-layout-28f84493 wp-block-columns-is-layout-flex\">\n<div class=\"wp-block-column is-layout-flow wp-block-column-is-layout-flow\" style=\"flex-basis:100%\">\n<div class=\"wp-block-columns is-layout-flex wp-container-core-columns-is-layout-28f84493 wp-block-columns-is-layout-flex\">\n<div class=\"wp-block-column is-layout-flow wp-block-column-is-layout-flow\" style=\"flex-basis:66.66%\">\n<h2 class=\"wp-block-heading\">\u00c4nglarnas Service AB<\/h2>\n\n\n\n<p>\u00c4nglarnas Service \u00e4r ett snabbt v\u00e4xande f\u00f6retag. V\u00e5rt kontor ligger i Nybro. Och vi utf\u00f6r hela Sm\u00e5land.<\/p>\n\n\n\n<p>Unna dig en enkel vardag<\/p>\n\n\n\n<p>\u00c4nglarnas Service hj\u00e4lper dig med: Takv\u00e5rd, fasadtv\u00e4tt, f\u00f6nsterputs, flyttst\u00e4d, st\u00e4dning, tr\u00e4dg\u00e5rdsarbete och tippk\u00f6rning. Ja, allt som du inte har tid eller ork att g\u00f6ra sj\u00e4lv.<\/p>\n\n\n\n<p>Att anlita \u00e4nglarnas Service<\/p>\n\n\n\n<p>Men hos oss f\u00e5r du b\u00e5de trygghet och kvalitet. Du vet alltid vem som \u00e4r ansvarig och vart du ska v\u00e4nda dig om du har fr\u00e5gor eller synpunkter.<\/p>\n\n\n\n<p>Tj\u00e4nster<\/p>\n\n\n\n<p>Vi erbjuder: Takv\u00e5rd, fasadtv\u00e4tt, hemservice, ut\u00f6kad hemservice, storst\u00e4dning, flyttst\u00e4dning, f\u00f6nsterputs, tr\u00e4dg\u00e5rdsservice, kontorsst\u00e4dning och tippk\u00f6rnig. F\u00f6r mer information, se respektive tj\u00e4nst.<\/p>\n\n\n\n<p>Om n\u00e5got skulle h\u00e4nda<\/p>\n\n\n\n<p>\u00c4nglarnas service f\u00f6rs\u00e4kringar t\u00e4cker eventuella skador p\u00e5 person och egendom som v\u00e5r personal orsakar.<\/p>\n\n\n\n<p>Kvalitetsgaranti<\/p>\n\n\n\n<p><strong>Ja, vi erbjuder garantier upp till 4 \u00e5r, p\u00e5 tak reng\u00f6ring. Detta g\u00e4ller<br>om p\u00e5v\u00e4xten inte har avl\u00e4gsnat efter 1-2 \u00e5r p\u00e5 taket.<\/strong><\/p>\n\n\n\n<p><strong>Vi har en kvalitetsgaranti, som inneb\u00e4r att vi \u00e5tg\u00e4rdar det du inte \u00e4r n\u00f6jd med. Reklamation m\u00e5ste g\u00f6ras senast 2 dagar (48 timmar) efter servicetillf\u00e4llet.<\/strong><\/p>\n\n\n\n<p data-wp-context---core-fit-text=\"core\/fit-text::{&quot;fontSize&quot;:&quot;&quot;}\" data-wp-init---core-fit-text=\"core\/fit-text::callbacks.init\" data-wp-interactive data-wp-style--font-size=\"core\/fit-text::context.fontSize\" class=\"has-fit-text\"><\/p>\n<\/div>\n\n\n\n<div class=\"wp-block-column is-layout-flow wp-block-column-is-layout-flow\" style=\"flex-basis:33.33%\">\n<figure class=\"wp-block-image size-full\"><img loading=\"lazy\" decoding=\"async\" width=\"512\" height=\"512\" src=\"https:\/\/www.anglarnasservice.se\/wp-content\/uploads\/2026\/01\/cropped-damian-logo-512-3.png\" alt=\"\" class=\"wp-image-45\" srcset=\"https:\/\/www.anglarnasservice.se\/wp-content\/uploads\/2026\/01\/cropped-damian-logo-512-3.png 512w, https:\/\/www.anglarnasservice.se\/wp-content\/uploads\/2026\/01\/cropped-damian-logo-512-3-300x300.png 300w, https:\/\/www.anglarnasservice.se\/wp-content\/uploads\/2026\/01\/cropped-damian-logo-512-3-150x150.png 150w\" sizes=\"auto, (max-width: 512px) 100vw, 512px\" \/><\/figure>\n<\/div>\n<\/div>\n<\/div>\n<\/div>\n<\/div>\n<\/div>\n\n\n\n<p><\/p>\n","protected":false},"excerpt":{"rendered":"<p>\u00c4nglarnas Service AB \u00c4nglarnas Service \u00e4r ett snabbt v\u00e4xande f\u00f6retag. V\u00e5rt kontor ligger i Nybro. Och vi utf\u00f6r hela Sm\u00e5land. Unna dig en enkel vardag \u00c4nglarnas Service hj\u00e4lper dig med: Takv\u00e5rd, fasadtv\u00e4tt, f\u00f6nsterputs, flyttst\u00e4d, st\u00e4dning, tr\u00e4dg\u00e5rdsarbete och tippk\u00f6rning. Ja, allt som du inte har tid eller ork att g\u00f6ra sj\u00e4lv. Att anlita \u00e4nglarnas Service Men &hellip; <\/p>\n<p class=\"link-more\"><a href=\"https:\/\/www.anglarnasservice.se\/?page_id=84\" class=\"more-link\"><span class=\"screen-reader-text\"> &#8220;Om Oss&#8221;<\/span>devam\u0131n\u0131 oku<\/a><\/p>\n","protected":false},"author":1,"featured_media":0,"parent":0,"menu_order":0,"comment_status":"closed","ping_status":"closed","template":"","meta":{"inspiro_hide_title":false,"footnotes":""},"class_list":["post-84","page","type-page","status-publish","hentry"],"_links":{"self":[{"href":"https:\/\/www.anglarnasservice.se\/index.php?rest_route=\/wp\/v2\/pages\/84","targetHints":{"allow":["GET"]}}],"collection":[{"href":"https:\/\/www.anglarnasservice.se\/index.php?rest_route=\/wp\/v2\/pages"}],"about":[{"href":"https:\/\/www.anglarnasservice.se\/index.php?rest_route=\/wp\/v2\/types\/page"}],"author":[{"embeddable":true,"href":"https:\/\/www.anglarnasservice.se\/index.php?rest_route=\/wp\/v2\/users\/1"}],"replies":[{"embeddable":true,"href":"https:\/\/www.anglarnasservice.se\/index.php?rest_route=%2Fwp%2Fv2%2Fcomments&post=84"}],"version-history":[{"count":19,"href":"https:\/\/www.anglarnasservice.se\/index.php?rest_route=\/wp\/v2\/pages\/84\/revisions"}],"predecessor-version":[{"id":394,"href":"https:\/\/www.anglarnasservice.se\/index.php?rest_route=\/wp\/v2\/pages\/84\/revisions\/394"}],"wp:attachment":[{"href":"https:\/\/www.anglarnasservice.se\/index.php?rest_route=%2Fwp%2Fv2%2Fmedia&parent=84"}],"curies":[{"name":"wp","href":"https:\/\/api.w.org\/{rel}","templated":true}]}}